{"id":4466,"date":"2026-04-23T14:30:10","date_gmt":"2026-04-23T14:30:10","guid":{"rendered":"https:\/\/www.mkreborns.com\/?post_type=product&#038;p=4466"},"modified":"2026-04-30T16:16:29","modified_gmt":"2026-04-30T16:16:29","slug":"8-inch-palm-sized-bald-baby-girl-reborn-doll","status":"publish","type":"product","link":"https:\/\/www.mkreborns.com\/cs\/product\/8-inch-palm-sized-bald-baby-girl-reborn-doll\/","title":{"rendered":"8palcov\u00e1 reborn panenka velikosti dlan\u011b, ple\u0161at\u00e1 hol\u010di\u010dka"},"content":{"rendered":"<p>Tato panenka Reborn je vyrobena z m\u011bkk\u00e9ho a pru\u017en\u00e9ho silikonu a d\u00edky sv\u00e9mu bezchlupov\u00e9mu designu se snadno udr\u017euje. Tato kreativn\u00ed hra\u010dka o velikosti dlan\u011b je snadno p\u0159enosn\u00e1, co\u017e v\u00e1m u\u0161et\u0159\u00ed starosti, kter\u00e9 jsou \u010dasto spojeny s objemn\u011bj\u0161\u00edmi p\u0159edm\u011bty.<\/p>\n<p>Materi\u00e1l: Silikon<br \/>\nPohlav\u00ed: D\u00edvka<br \/>\nV\u00fd\u0161ka: 8 palc\u016f<br \/>\nHmotnost: 0,5 kg<br \/>\nHmotnost balen\u00ed: 1 kg<\/p>\n<p>Kompletn\u00ed bal\u00ed\u010dek obsahuje: Oble\u010den\u00ed.<\/p>\n<p>Po\u010d\u00edtejte s manu\u00e1ln\u00ed toleranc\u00ed 0,5-1 palce, proto\u017ee produkt byl m\u011b\u0159en ru\u010dn\u011b.<\/p>\n<div style=\"width: 720px;\" class=\"wp-video\"><video class=\"wp-video-shortcode\" id=\"video-4466-1\" width=\"720\" height=\"1280\" preload=\"metadata\" controls=\"controls\"><source type=\"video\/mp4\" src=\"https:\/\/www.mkreborns.com\/wp-content\/uploads\/2026\/04\/8-inch-reborn-doll.mp4?_=1\" \/><a href=\"https:\/\/www.mkreborns.com\/wp-content\/uploads\/2026\/04\/8-inch-reborn-doll.mp4\">https:\/\/www.mkreborns.com\/wp-content\/uploads\/2026\/04\/8-inch-reborn-doll.mp4<\/a><\/video><\/div>\n<p><img decoding=\"async\" src=\"https:\/\/www.mkreborns.com\/wp-content\/uploads\/2026\/04\/O1CN01T3SK6B1jfP7VBeqTY_2220331144575-0-cib.jpg\" alt=\"\" title=\"\"><\/p>\n<p><img decoding=\"async\" src=\"https:\/\/www.mkreborns.com\/wp-content\/uploads\/2026\/04\/O1CN01hEV4qH1jfP7UhqGsO_2220331144575-0-cib.jpg\" alt=\"\" title=\"\"><\/p>\n<p><img decoding=\"async\" src=\"https:\/\/www.mkreborns.com\/wp-content\/uploads\/2026\/04\/O1CN01IZPdQF1jfP7V1pSFH_2220331144575-0-cib.jpg\" alt=\"\" title=\"\"><\/p>\n<p><img decoding=\"async\" src=\"https:\/\/www.mkreborns.com\/wp-content\/uploads\/2026\/04\/O1CN01CGYU6v1jfP7Q10uc3_2220331144575-0-cib.jpg\" alt=\"\" title=\"\"><\/p>\n<p><img decoding=\"async\" src=\"https:\/\/www.mkreborns.com\/wp-content\/uploads\/2026\/04\/O1CN01CtP74H1jfP7VRQuYb_2220331144575-0-cib.jpg\" alt=\"\" title=\"\"><\/p>\n<p><img decoding=\"async\" src=\"https:\/\/www.mkreborns.com\/wp-content\/uploads\/2026\/04\/O1CN01wMCZ4Y1jfP7VjiVzB_2220331144575-0-cib.jpg\" alt=\"\" title=\"\"><\/p>\n<p>&nbsp;<\/p>\n<p><img decoding=\"async\" src=\"https:\/\/www.mkreborns.com\/wp-content\/uploads\/2026\/04\/O1CN01BTPreB1jfP7VCIS8w_2220331144575-0-cib.jpg\" alt=\"\" title=\"\"><\/p>\n<p><img decoding=\"async\" src=\"https:\/\/www.mkreborns.com\/wp-content\/uploads\/2026\/04\/O1CN01DWeB5p1jfP7VCGAly_2220331144575-0-cib.jpg\" alt=\"\" title=\"\"><\/p>\n<p><img decoding=\"async\" src=\"https:\/\/www.mkreborns.com\/wp-content\/uploads\/2026\/04\/O1CN010AjmP01jfP7ULKLJ9_2220331144575-0-cib.jpg\" alt=\"\" title=\"\"><\/p>\n<p>&nbsp;<\/p>","protected":false},"excerpt":{"rendered":"<p>Tato reborn panenka velikosti dlan\u011b m\u011b\u0159\u00ed p\u0159ibli\u017en\u011b 20 cm, tak\u017ee si ji snadno vezmete kamkoli s sebou; pokud se c\u00edt\u00edte ve stresu, tato hra\u010dka v\u00e1m m\u016f\u017ee dokonce pomoci naj\u00edt \u00falevu.<\/p>","protected":false},"featured_media":4480,"comment_status":"open","ping_status":"closed","template":"","meta":[],"product_brand":[],"product_cat":[153,260,144,155,146,157],"product_tag":[],"class_list":{"0":"post-4466","1":"product","2":"type-product","3":"status-publish","4":"has-post-thumbnail","6":"product_cat-newborn-reborn-dolls","7":"product_cat-8-inch-reborn-dolls","8":"product_cat-baby-girl-reborn-dolls","9":"product_cat-cute-reborn-dolls","10":"product_cat-full-silicone-reborn-dolls","11":"product_cat-real-life-baby-dolls","13":"first","14":"instock","15":"sale","16":"shipping-taxable","17":"purchasable","18":"product-type-simple"},"_links":{"self":[{"href":"https:\/\/www.mkreborns.com\/cs\/wp-json\/wp\/v2\/product\/4466","targetHints":{"allow":["GET"]}}],"collection":[{"href":"https:\/\/www.mkreborns.com\/cs\/wp-json\/wp\/v2\/product"}],"about":[{"href":"https:\/\/www.mkreborns.com\/cs\/wp-json\/wp\/v2\/types\/product"}],"replies":[{"embeddable":true,"href":"https:\/\/www.mkreborns.com\/cs\/wp-json\/wp\/v2\/comments?post=4466"}],"wp:featuredmedia":[{"embeddable":true,"href":"https:\/\/www.mkreborns.com\/cs\/wp-json\/wp\/v2\/media\/4480"}],"wp:attachment":[{"href":"https:\/\/www.mkreborns.com\/cs\/wp-json\/wp\/v2\/media?parent=4466"}],"wp:term":[{"taxonomy":"product_brand","embeddable":true,"href":"https:\/\/www.mkreborns.com\/cs\/wp-json\/wp\/v2\/product_brand?post=4466"},{"taxonomy":"product_cat","embeddable":true,"href":"https:\/\/www.mkreborns.com\/cs\/wp-json\/wp\/v2\/product_cat?post=4466"},{"taxonomy":"product_tag","embeddable":true,"href":"https:\/\/www.mkreborns.com\/cs\/wp-json\/wp\/v2\/product_tag?post=4466"}],"curies":[{"name":"wp","href":"https:\/\/api.w.org\/{rel}","templated":true}]}}