{"id":4430,"date":"2026-04-12T14:16:20","date_gmt":"2026-04-12T14:16:20","guid":{"rendered":"https:\/\/www.mkreborns.com\/?post_type=product&#038;p=4430"},"modified":"2026-04-12T15:16:32","modified_gmt":"2026-04-12T15:16:32","slug":"13-inch-crying-silicone-reborn-doll","status":"publish","type":"product","link":"https:\/\/www.mkreborns.com\/cs\/product\/13-inch-crying-silicone-reborn-doll\/","title":{"rendered":"13palcov\u00e1 pla\u010d\u00edc\u00ed silikonov\u00e1 reborn panenka"},"content":{"rendered":"<p>Kon\u010detiny, hlava a t\u011blo 33cm vysok\u00e9 pla\u010d\u00edc\u00ed panenky Rebirth jsou vyrobeny z pevn\u00e9ho silikonu, kter\u00fd je m\u011bkk\u00fd, elastick\u00fd a lze jej m\u00fdt vodou o teplot\u011b 37 stup\u0148\u016f Celsia. Vzhledem ke speci\u00e1ln\u00ed povaze silikonu by se za n\u011bj b\u011bhem hry nem\u011blo siln\u011b tahat ani \u0161kubat a aby d\u00e9le vydr\u017eel, je t\u0159eba o n\u011bj pe\u010dliv\u011b pe\u010dovat.<\/p>\n<p>Materi\u00e1l: Silikon<br \/>\nPohlav\u00ed: D\u00edvka<br \/>\nV\u00fd\u0161ka: 13 palc\u016f<br \/>\nHmotnost: 1,4 kg<br \/>\nHmotnost balen\u00ed: 1,8 kg<\/p>\n<p>Kompletn\u00ed balen\u00ed obsahuje: Oble\u010den\u00ed a lahev.<\/p>\n<p>Po\u010d\u00edtejte s manu\u00e1ln\u00ed toleranc\u00ed 0,5-1 palce, proto\u017ee produkt byl m\u011b\u0159en ru\u010dn\u011b.<\/p>\n<p><img decoding=\"async\" src=\"https:\/\/www.mkreborns.com\/wp-content\/uploads\/2026\/04\/O1CN01ON65FG1jfP7Pj2VhP_2220331144575-0-cib.jpg\" alt=\"\" title=\"\"><\/p>\n<p><img decoding=\"async\" src=\"https:\/\/www.mkreborns.com\/wp-content\/uploads\/2026\/04\/O1CN01Vmhokj1jfP7PuZuwV_2220331144575-0-cib.jpg\" alt=\"\" title=\"\"><\/p>\n<p><img decoding=\"async\" src=\"https:\/\/www.mkreborns.com\/wp-content\/uploads\/2026\/04\/O1CN01qKbtvK1jfP7PZjkwL_2220331144575-0-cib.jpg\" alt=\"\" title=\"\"><\/p>\n<p><img decoding=\"async\" src=\"https:\/\/www.mkreborns.com\/wp-content\/uploads\/2026\/04\/O1CN01UBS4M51jfP7QJPr5Y_2220331144575-0-cib.jpg\" alt=\"Silikonov\u00e1 panenka Reborn, pl\u00e1\u010d, realistick\u00e1 panenka s lahvi\u010dkou, ide\u00e1ln\u00ed pro sb\u011bratele a d\u011bti.\" title=\"\"><\/p>\n<p><img decoding=\"async\" src=\"https:\/\/www.mkreborns.com\/wp-content\/uploads\/2026\/04\/O1CN01NWHI1G1jfP7OsCKVe_2220331144575-0-cib.jpg\" alt=\"Realistick\u00e1 33cm pla\u010d\u00edc\u00ed silikonov\u00e1 reborn panenka s lahvi\u010dkou, m\u011bkk\u00fdm oble\u010den\u00edm a r\u016f\u017eovou \u010depic\u00ed.\" title=\"\"><\/p>\n<p><img decoding=\"async\" src=\"https:\/\/www.mkreborns.com\/wp-content\/uploads\/2026\/04\/O1CN01WrErxo1jfP7QDMEjp_2220331144575-0-cib.jpg\" alt=\"Silikonov\u00e1 panenka Reborn s pla\u010d\u00edc\u00ed d\u011btskou lahvi\u010dkou, realistick\u00e9 rysy, ide\u00e1ln\u00ed pro sb\u011bratele a d\u011bti.\" title=\"\"><\/p>\n<p>&nbsp;<\/p>","protected":false},"excerpt":{"rendered":"<p>Pla\u010d\u00edc\u00ed panenka reborn vypad\u00e1 p\u0159esn\u011b jako novorozen\u00e9 d\u00edt\u011b pla\u010d\u00edc\u00ed pro ml\u00e9ko, s roztomil\u00fdmi a \u017eiv\u00fdmi rysy.<\/p>","protected":false},"featured_media":4461,"comment_status":"open","ping_status":"closed","template":"","meta":[],"product_brand":[],"product_cat":[238,242,144,146,156,154,153],"product_tag":[],"class_list":{"0":"post-4430","1":"product","2":"type-product","3":"status-publish","4":"has-post-thumbnail","6":"product_cat-13-inch-reborn-dolls","7":"product_cat-african-american-reborn-dolls","8":"product_cat-baby-girl-reborn-dolls","9":"product_cat-full-silicone-reborn-dolls","10":"product_cat-life-sized-dolls","11":"product_cat-lifelike-reborn-dolls","12":"product_cat-newborn-reborn-dolls","14":"first","15":"instock","16":"sale","17":"shipping-taxable","18":"purchasable","19":"product-type-simple"},"_links":{"self":[{"href":"https:\/\/www.mkreborns.com\/cs\/wp-json\/wp\/v2\/product\/4430","targetHints":{"allow":["GET"]}}],"collection":[{"href":"https:\/\/www.mkreborns.com\/cs\/wp-json\/wp\/v2\/product"}],"about":[{"href":"https:\/\/www.mkreborns.com\/cs\/wp-json\/wp\/v2\/types\/product"}],"replies":[{"embeddable":true,"href":"https:\/\/www.mkreborns.com\/cs\/wp-json\/wp\/v2\/comments?post=4430"}],"wp:featuredmedia":[{"embeddable":true,"href":"https:\/\/www.mkreborns.com\/cs\/wp-json\/wp\/v2\/media\/4461"}],"wp:attachment":[{"href":"https:\/\/www.mkreborns.com\/cs\/wp-json\/wp\/v2\/media?parent=4430"}],"wp:term":[{"taxonomy":"product_brand","embeddable":true,"href":"https:\/\/www.mkreborns.com\/cs\/wp-json\/wp\/v2\/product_brand?post=4430"},{"taxonomy":"product_cat","embeddable":true,"href":"https:\/\/www.mkreborns.com\/cs\/wp-json\/wp\/v2\/product_cat?post=4430"},{"taxonomy":"product_tag","embeddable":true,"href":"https:\/\/www.mkreborns.com\/cs\/wp-json\/wp\/v2\/product_tag?post=4430"}],"curies":[{"name":"wp","href":"https:\/\/api.w.org\/{rel}","templated":true}]}}