{"id":4369,"date":"2026-03-26T14:51:00","date_gmt":"2026-03-26T14:51:00","guid":{"rendered":"https:\/\/www.mkreborns.com\/?post_type=product&#038;p=4369"},"modified":"2026-03-30T14:07:22","modified_gmt":"2026-03-30T14:07:22","slug":"miaio-13-inch-companion-gift-reborn-doll","status":"publish","type":"product","link":"https:\/\/www.mkreborns.com\/cs\/product\/miaio-13-inch-companion-gift-reborn-doll\/","title":{"rendered":"Panenka Miaio 13 palcov\u00fd doprovodn\u00fd d\u00e1rek Reborn"},"content":{"rendered":"<p>Reborn panenka v\u00e1m m\u016f\u017ee b\u00fdt spole\u010dn\u00edkem. Kdy\u017e m\u00e1te pocit, \u017ee je \u017eivot nudn\u00fd, silikonov\u00e9 reborn miminko v\u00e1m m\u016f\u017ee p\u0159in\u00e9st trochu radosti a umo\u017enit v\u00e1m pln\u011b se o n\u011bj starat. Nebo pokud pot\u0159ebujete tich\u00e9ho partnera, kter\u00fd by naslouchal va\u0161im nejnitern\u011bj\u0161\u00edm my\u0161lenk\u00e1m, reborn panenka v\u00e1m m\u016f\u017ee tuto pot\u0159ebu tak\u00e9 naplnit, ti\u0161e st\u00e1t po va\u0161em boku a naslouchat v\u0161emu, co \u0159\u00edk\u00e1te.<\/p>\n<p>Materi\u00e1l: Silikon<br \/>\nPohlav\u00ed: D\u00edvka<br \/>\nV\u00fd\u0161ka: 13 palc\u016f<br \/>\nHmotnost: 1,3 kg<br \/>\n\u0158asy: Lepic\u00ed \u0159asy<br \/>\nHmotnost balen\u00ed: 2 kg<br \/>\nKompletn\u00ed balen\u00ed obsahuje: oble\u010den\u00ed, plenku a lahvi\u010dku.<\/p>\n<p>&nbsp;<\/p>\n<div style=\"width: 720px;\" class=\"wp-video\"><video class=\"wp-video-shortcode\" id=\"video-4369-1\" width=\"720\" height=\"960\" preload=\"metadata\" controls=\"controls\"><source type=\"video\/mp4\" src=\"https:\/\/www.mkreborns.com\/wp-content\/uploads\/2026\/03\/reborn-doll.mp4?_=1\" \/><a href=\"https:\/\/www.mkreborns.com\/wp-content\/uploads\/2026\/03\/reborn-doll.mp4\">https:\/\/www.mkreborns.com\/wp-content\/uploads\/2026\/03\/reborn-doll.mp4<\/a><\/video><\/div>\n<p><img decoding=\"async\" src=\"https:\/\/www.mkreborns.com\/wp-content\/uploads\/2026\/03\/O1CN01tpXSNz1jfP5uMinr4_2220331144575-0-cib.jpg\" alt=\"\" title=\"\"><\/p>\n<p><img decoding=\"async\" src=\"https:\/\/www.mkreborns.com\/wp-content\/uploads\/2026\/03\/O1CN01AVPBuk1jfP5t1YSja_2220331144575-0-cib.jpg\" alt=\"\" title=\"\"><\/p>","protected":false},"excerpt":{"rendered":"<p>Po\u0161lete reborn panenku, aby doprov\u00e1zela n\u011bkoho, na \u010dem v\u00e1m z\u00e1le\u017e\u00ed, a p\u0159inesla mu v\u00edce radosti.<\/p>","protected":false},"featured_media":4373,"comment_status":"open","ping_status":"closed","template":"","meta":[],"product_brand":[],"product_cat":[238,242,144,146,156,154,153,157],"product_tag":[],"class_list":{"0":"post-4369","1":"product","2":"type-product","3":"status-publish","4":"has-post-thumbnail","6":"product_cat-13-inch-reborn-dolls","7":"product_cat-african-american-reborn-dolls","8":"product_cat-baby-girl-reborn-dolls","9":"product_cat-full-silicone-reborn-dolls","10":"product_cat-life-sized-dolls","11":"product_cat-lifelike-reborn-dolls","12":"product_cat-newborn-reborn-dolls","13":"product_cat-real-life-baby-dolls","15":"first","16":"instock","17":"sale","18":"shipping-taxable","19":"purchasable","20":"product-type-simple"},"_links":{"self":[{"href":"https:\/\/www.mkreborns.com\/cs\/wp-json\/wp\/v2\/product\/4369","targetHints":{"allow":["GET"]}}],"collection":[{"href":"https:\/\/www.mkreborns.com\/cs\/wp-json\/wp\/v2\/product"}],"about":[{"href":"https:\/\/www.mkreborns.com\/cs\/wp-json\/wp\/v2\/types\/product"}],"replies":[{"embeddable":true,"href":"https:\/\/www.mkreborns.com\/cs\/wp-json\/wp\/v2\/comments?post=4369"}],"wp:featuredmedia":[{"embeddable":true,"href":"https:\/\/www.mkreborns.com\/cs\/wp-json\/wp\/v2\/media\/4373"}],"wp:attachment":[{"href":"https:\/\/www.mkreborns.com\/cs\/wp-json\/wp\/v2\/media?parent=4369"}],"wp:term":[{"taxonomy":"product_brand","embeddable":true,"href":"https:\/\/www.mkreborns.com\/cs\/wp-json\/wp\/v2\/product_brand?post=4369"},{"taxonomy":"product_cat","embeddable":true,"href":"https:\/\/www.mkreborns.com\/cs\/wp-json\/wp\/v2\/product_cat?post=4369"},{"taxonomy":"product_tag","embeddable":true,"href":"https:\/\/www.mkreborns.com\/cs\/wp-json\/wp\/v2\/product_tag?post=4369"}],"curies":[{"name":"wp","href":"https:\/\/api.w.org\/{rel}","templated":true}]}}