{"id":4165,"date":"2026-03-22T14:35:28","date_gmt":"2026-03-22T14:35:28","guid":{"rendered":"https:\/\/www.mkreborns.com\/product\/18-inch-soft-vinyl-open-eye-reborn-baby-doll\/"},"modified":"2026-03-22T15:34:35","modified_gmt":"2026-03-22T15:34:35","slug":"18-inch-soft-vinyl-open-eye-reborn-baby-doll","status":"publish","type":"product","link":"https:\/\/www.mkreborns.com\/cs\/product\/18-inch-soft-vinyl-open-eye-reborn-baby-doll\/","title":{"rendered":"18palcov\u00e1 m\u011bkk\u00e1 vinylov\u00e1 reborn panenka s otev\u0159en\u00fdma o\u010dima"},"content":{"rendered":"<p>Tato reborn panenka m\u00e1 jasn\u011b viditeln\u00e9 \u017eilky a je velmi realistick\u00e1. M\u016f\u017ee sed\u011bt nebo le\u017eet, nemluv\u00ed ani nemrkaje a nem\u00e1 \u017e\u00e1dn\u00e9 slo\u017eit\u00e9 elektronick\u00e9 sou\u010d\u00e1stky, tak\u017ee se o ni snadno pe\u010duje a je ide\u00e1ln\u00ed do sb\u011bratelstv\u00ed. P\u0159i \u010di\u0161t\u011bn\u00ed panenky s n\u00ed zach\u00e1zejte opatrn\u011b; vyhn\u011bte se siln\u00e9mu \u0161kr\u00e1b\u00e1n\u00ed obo\u010d\u00ed, abyste zabr\u00e1nili vyblednut\u00ed barvy.<\/p>\n<p>&nbsp;<\/p>\n<p>Materi\u00e1l: Celot\u011blov\u00e9 PVC<br \/>\nPohlav\u00ed: Vyberte si mezi chlapcem nebo d\u00edvkou<br \/>\nV\u00fd\u0161ka: 18 palc\u016f<br \/>\nHmotnost: 1,1 kg<br \/>\n\u0158asy: Lepic\u00ed \u0159asy<br \/>\nHmotnost balen\u00ed: 1,6 kg<br \/>\nRozm\u011bry balen\u00ed: 46*20*13 cm<br \/>\nKompletn\u00ed balen\u00ed obsahuje: oble\u010den\u00ed, plenku, magnetick\u00fd dudl\u00edk, lahvi\u010dku a rodn\u00fd list.<\/p>\n<p>&nbsp;<\/p>\n<p><img decoding=\"async\" src=\"https:\/\/www.mkreborns.com\/wp-content\/uploads\/2026\/03\/O1CN01PhbSDV1lsnmHX7b7l_2831564875-0-cib.jpg\" alt=\"\" title=\"\"><\/p>\n<p><img decoding=\"async\" src=\"https:\/\/www.mkreborns.com\/wp-content\/uploads\/2026\/03\/O1CN01Fqa8AT1lsnmKDSTq1_2831564875-0-cib.jpg\" alt=\"\" title=\"\"><\/p>\n<p>Po\u010d\u00edtejte s manu\u00e1ln\u00ed toleranc\u00ed 0,5-1 palce, proto\u017ee produkt byl m\u011b\u0159en ru\u010dn\u011b.<\/p>","protected":false},"excerpt":{"rendered":"<p>Jako pe\u010dovatel o reborn panenku m\u016f\u017eete pro panenku koupit r\u016fzn\u00e9 styly oble\u010den\u00ed pro r\u016fzn\u00e9 p\u0159\u00edle\u017eitosti.<\/p>","protected":false},"featured_media":4167,"comment_status":"open","ping_status":"closed","template":"","meta":[],"product_brand":[],"product_cat":[151,145,144,155,156,154,157,152],"product_tag":[],"class_list":{"0":"post-4165","1":"product","2":"type-product","3":"status-publish","4":"has-post-thumbnail","6":"product_cat-18-inch-reborn-dolls","7":"product_cat-baby-boy-reborn-dolls","8":"product_cat-baby-girl-reborn-dolls","9":"product_cat-cute-reborn-dolls","10":"product_cat-life-sized-dolls","11":"product_cat-lifelike-reborn-dolls","12":"product_cat-real-life-baby-dolls","13":"product_cat-vinyl-reborn-dolls","15":"first","16":"instock","17":"sale","18":"shipping-taxable","19":"purchasable","20":"product-type-variable","21":"has-default-attributes"},"_links":{"self":[{"href":"https:\/\/www.mkreborns.com\/cs\/wp-json\/wp\/v2\/product\/4165","targetHints":{"allow":["GET"]}}],"collection":[{"href":"https:\/\/www.mkreborns.com\/cs\/wp-json\/wp\/v2\/product"}],"about":[{"href":"https:\/\/www.mkreborns.com\/cs\/wp-json\/wp\/v2\/types\/product"}],"replies":[{"embeddable":true,"href":"https:\/\/www.mkreborns.com\/cs\/wp-json\/wp\/v2\/comments?post=4165"}],"wp:featuredmedia":[{"embeddable":true,"href":"https:\/\/www.mkreborns.com\/cs\/wp-json\/wp\/v2\/media\/4167"}],"wp:attachment":[{"href":"https:\/\/www.mkreborns.com\/cs\/wp-json\/wp\/v2\/media?parent=4165"}],"wp:term":[{"taxonomy":"product_brand","embeddable":true,"href":"https:\/\/www.mkreborns.com\/cs\/wp-json\/wp\/v2\/product_brand?post=4165"},{"taxonomy":"product_cat","embeddable":true,"href":"https:\/\/www.mkreborns.com\/cs\/wp-json\/wp\/v2\/product_cat?post=4165"},{"taxonomy":"product_tag","embeddable":true,"href":"https:\/\/www.mkreborns.com\/cs\/wp-json\/wp\/v2\/product_tag?post=4165"}],"curies":[{"name":"wp","href":"https:\/\/api.w.org\/{rel}","templated":true}]}}