{"id":4123,"date":"2026-03-19T03:34:52","date_gmt":"2026-03-19T03:34:52","guid":{"rendered":"https:\/\/www.mkreborns.com\/?post_type=product&#038;p=4123"},"modified":"2026-04-03T16:00:43","modified_gmt":"2026-04-03T16:00:43","slug":"magnetic-pacifiers-for-reborn-dolls-cute-dummy-set","status":"publish","type":"product","link":"https:\/\/www.mkreborns.com\/cs\/product\/magnetic-pacifiers-for-reborn-dolls-cute-dummy-set\/","title":{"rendered":"Magnetick\u00e9 dudl\u00edky pro Reborn panenky, roztomil\u00e1 sada dudl\u00edk\u016f"},"content":{"rendered":"<div class=\"product-specs-list-container\"><\/div>\n<div class=\"detailmodule_text\">\n<h2>Magnetick\u00e9 dudl\u00edky pro reborn panenky s realistick\u00fdmi detaily<\/h2>\n<div>Magnetick&eacute; dudl&iacute;ky pro panenky reborn jsou vyrobeny tak, aby odr&aacute;\u017eely autentick&eacute; dopl\u0148ky pro kojence a nab&iacute;zej&iacute; vyt\u0159&iacute;ben&yacute; estetick&yacute; vzhled pro sb\u011bratele a um\u011blce, kte\u0159&iacute; vyr&aacute;b\u011bj&iacute; panenky. Ka\u017ed&yacute; kus je vyroben z odoln&eacute;ho ABS plastu, tak\u017ee si zachov&aacute;v&aacute; lehk&yacute; profil a z&aacute;rove\u0148 zaji&scaron;\u0165uje pevn&yacute; magnetick&yacute; &uacute;chop. Tyto magnetick&eacute; dudl&iacute;ky pro panenky reborn se hladce integruj&iacute; s lahvi\u010dkami pro panenky reborn a bez n&aacute;mahy lad&iacute; s lahvi\u010dkami a dudl&iacute;ky pro panenky reborn, \u010d&iacute;m\u017e vytv&aacute;\u0159ej&iacute; ucelenou prezentaci, kter&aacute; zvy&scaron;uje realismus vystaven&iacute;.&lt;\/p&gt;<\/div>\n<h3>Precizn\u00ed st\u0159ih a jemn\u00e9 \u0159emesln\u00e9 zpracov\u00e1n\u00ed<\/h3>\n<div>Kompaktn\u00ed konstrukce o rozm\u011brech 4\u00d72,8 cm, navr\u017een\u00e1 pro panenky o velikosti 20\u201322 palc\u016f, zaji\u0161\u0165uje proporcion\u00e1ln\u00ed p\u0159esnost. Detailn\u00ed proveden\u00ed dudl\u00edk\u016f poskytuje p\u0159esv\u011bd\u010div\u00fd vizu\u00e1ln\u00ed prvek, d\u00edky kter\u00e9mu ka\u017ed\u00fd dopln\u011bk p\u016fsob\u00ed pe\u010dliv\u011b vybran\u00fdm, nikoli masov\u011b vyr\u00e1b\u011bn\u00fdm dojmem.<\/div>\n<div>V\u00fdhody a vlastnosti produktu<\/div>\n<ol>\n<li>Stabiln\u00ed vnit\u0159n\u00ed magnet pro konzistentn\u00ed um\u00edst\u011bn\u00ed<\/li>\n<li>Hladk\u00fd povrch ABS s jemn\u00fdmi konturami<\/li>\n<li>Zm\u011bny m\u011b\u0159\u00edtka pro realistick\u00e9 proporce<\/li>\n<li>Harmonizuje s lahvi\u010dkami a sadami pro panenky Reborn<\/li>\n<li>Jemn\u00fd styling dudl\u00edk\u016f pro autentick\u00fd vzhled<\/li>\n<\/ol>\n<div>Pro sb\u011bratele, kte\u0159\u00ed si cen\u00ed propracovan\u00fdch detail\u016f a ucelen\u00e9ho stylu, tyto dopl\u0148ky dopln\u00ed jakoukoli expozici vyv\u00e1\u017eenost\u00ed a eleganci, d\u00edky \u010demu\u017e jsou magnetick\u00e9 dudl\u00edky pro panenky Reborn nepostradateln\u00e9.<\/div>\n<\/div>\n<div><\/div>\n<div>\n<div>Materi\u00e1l: ABS plast<br \/>\nRozm\u011bry: cca 4*2,8 cm \/ 1,57*1,10\u201d<br \/>\nPohlav\u00ed: Unisex<br \/>\nFunkce 1: Dudl\u00edk s magnetem ve tvaru panenky<br \/>\nFunkce 2: Um\u011bl\u00e9 bradavky<br \/>\nFunkce 3: Koj\u00edc\u00ed l\u00e1hev<br \/>\nPou\u017eit\u00ed: Magnetick\u00fd dudl\u00edk je vhodn\u00fd pro simulovanou panenku.<br \/>\nVhodn\u00e9 pro panenku o velikosti 20-22 palc\u016f<\/div>\n<div><\/div>\n<\/div>\n<div class=\"detailmodule_image\"><img decoding=\"async\" class=\"detail-desc-decorate-image\" src=\"https:\/\/www.mkreborns.com\/wp-content\/uploads\/2026\/03\/kf-S248844369ace4c1aa7ecadd1fb1d0d77o.webp\" alt=\"Roztomil\u00e1 sada figur\u00edn pro reborn panenky s barevn\u00fdmi vzory.\" title=\"\"> <img decoding=\"async\" class=\"detail-desc-decorate-image\" src=\"https:\/\/www.mkreborns.com\/wp-content\/uploads\/2026\/03\/kf-S6c63382f84a445439fd1199024f840611.webp\" alt=\"Roztomil\u00fd r\u016f\u017eov\u00fd dudl\u00edk ve tvaru srdce pro reborn panenky, ide\u00e1ln\u00ed jako realistick\u00e9 dopl\u0148ky pro panenky.\" title=\"\"> <img decoding=\"async\" class=\"detail-desc-decorate-image\" src=\"https:\/\/www.mkreborns.com\/wp-content\/uploads\/2026\/03\/kf-S488c94b7729a465194d2961210c54cf4W.webp\" alt=\"R\u016f\u017eov\u00e1 sada magnetick\u00fdch dudl\u00edk\u016f pro reborn panenky, ide\u00e1ln\u00ed pro realistick\u00e9 dopl\u0148ky a hran\u00ed s panenkami.\" title=\"\"> <img decoding=\"async\" class=\"detail-desc-decorate-image\" src=\"https:\/\/www.mkreborns.com\/wp-content\/uploads\/2026\/03\/kf-S6d9fe9cd873645dab6046f8da360a0a8b.webp\" alt=\"Roztomil\u00fd dudl\u00edk pro panenky Reborn s leopard\u00edm vzorem v r\u016f\u017eov\u00e9 a zelen\u00e9 barv\u011b.\" title=\"\"> <img decoding=\"async\" class=\"detail-desc-decorate-image\" src=\"https:\/\/www.mkreborns.com\/wp-content\/uploads\/2026\/03\/kf-S36de425f031d44459e8cd61cbd96964e7.webp\" alt=\"Dudl\u00edky pro panenky Reborn s magnetick\u00fdmi klipy, r\u016f\u017eov\u00e9 a modr\u00e9, ide\u00e1ln\u00ed pro realistick\u00e9 dopl\u0148ky pro panenky.\" title=\"\"> <img decoding=\"async\" class=\"detail-desc-decorate-image\" src=\"https:\/\/www.mkreborns.com\/wp-content\/uploads\/2026\/03\/kf-S8f01849a5e554d6f9882dc6eb12f4d74Q.webp\" alt=\"Dudl\u00edk pro panenky Reborn s n\u00e1pisem &quot;Love My Daddy&quot; a r\u016f\u017eov\u00fdm srd\u00ed\u010dkem.\" title=\"\"> <img decoding=\"async\" class=\"detail-desc-decorate-image\" src=\"https:\/\/www.mkreborns.com\/wp-content\/uploads\/2026\/03\/kf-S360412167aed492087b732d2883baf0dO.webp\" alt=\"\" title=\"\"><img decoding=\"async\" class=\"detail-desc-decorate-image\" src=\"https:\/\/www.mkreborns.com\/wp-content\/uploads\/2026\/03\/kf-Sf7b9cb29f2514cbaa1e852f7cbcb87d3y.webp\" alt=\"Roztomil\u00e1 sada figur\u00edn pro panenky Reborn. P\u0159\u00edslu\u0161enstv\u00ed.\" title=\"\"> <img decoding=\"async\" class=\"detail-desc-decorate-image\" src=\"https:\/\/www.mkreborns.com\/wp-content\/uploads\/2026\/03\/kf-S764e1e37d2424828804a097b43bc71c2k.webp\" alt=\"Realistick\u00e9 magnetick\u00e9 dudl\u00edky pro reborn panenky, ide\u00e1ln\u00ed pro p\u0159id\u00e1n\u00ed roztomil\u00e9 sady dudl\u00edk\u016f do va\u0161\u00ed sb\u00edrky.\" title=\"\"> <img decoding=\"async\" class=\"detail-desc-decorate-image\" src=\"https:\/\/www.mkreborns.com\/wp-content\/uploads\/2026\/03\/kf-Sf1b85ed7bf994100bf9924d9ab1847392.webp\" alt=\"\" title=\"\"><\/div>\n<div class=\"detailmodule_image\"><img decoding=\"async\" class=\"detail-desc-decorate-image\" src=\"https:\/\/www.mkreborns.com\/wp-content\/uploads\/2026\/03\/kf-S5a111b8135df4b96aa04929da0abd73b6.webp\" alt=\"Dudl\u00edk pro panenky Reborn s motivem \u017elut\u00e9 kachni\u010dky a \u010dervenou rukojet\u00ed, ide\u00e1ln\u00ed pro realistick\u00e9 dopl\u0148ky pro panenky.\" title=\"\"><\/div>","protected":false},"excerpt":{"rendered":"<p>Magnetick\u00e9 dudl\u00edky pro panenky Reborn s bezpe\u010dn\u00fdm uchycen\u00edm a realistick\u00fdm designem. Perfektn\u00ed dopln\u011bk k lahvi\u010dk\u00e1m a dudl\u00edk\u016fm pro panenky Reborn.<\/p>","protected":false},"featured_media":4124,"comment_status":"open","ping_status":"closed","template":"","meta":[],"product_brand":[],"product_cat":[148,162],"product_tag":[],"class_list":{"0":"post-4123","1":"product","2":"type-product","3":"status-publish","4":"has-post-thumbnail","6":"product_cat-reborn-doll-accessories","7":"product_cat-reborn-pacifier","9":"first","10":"instock","11":"sale","12":"shipping-taxable","13":"purchasable","14":"product-type-variable"},"_links":{"self":[{"href":"https:\/\/www.mkreborns.com\/cs\/wp-json\/wp\/v2\/product\/4123","targetHints":{"allow":["GET"]}}],"collection":[{"href":"https:\/\/www.mkreborns.com\/cs\/wp-json\/wp\/v2\/product"}],"about":[{"href":"https:\/\/www.mkreborns.com\/cs\/wp-json\/wp\/v2\/types\/product"}],"replies":[{"embeddable":true,"href":"https:\/\/www.mkreborns.com\/cs\/wp-json\/wp\/v2\/comments?post=4123"}],"wp:featuredmedia":[{"embeddable":true,"href":"https:\/\/www.mkreborns.com\/cs\/wp-json\/wp\/v2\/media\/4124"}],"wp:attachment":[{"href":"https:\/\/www.mkreborns.com\/cs\/wp-json\/wp\/v2\/media?parent=4123"}],"wp:term":[{"taxonomy":"product_brand","embeddable":true,"href":"https:\/\/www.mkreborns.com\/cs\/wp-json\/wp\/v2\/product_brand?post=4123"},{"taxonomy":"product_cat","embeddable":true,"href":"https:\/\/www.mkreborns.com\/cs\/wp-json\/wp\/v2\/product_cat?post=4123"},{"taxonomy":"product_tag","embeddable":true,"href":"https:\/\/www.mkreborns.com\/cs\/wp-json\/wp\/v2\/product_tag?post=4123"}],"curies":[{"name":"wp","href":"https:\/\/api.w.org\/{rel}","templated":true}]}}