{"id":4094,"date":"2026-03-19T02:43:43","date_gmt":"2026-03-19T02:43:43","guid":{"rendered":"https:\/\/www.mkreborns.com\/?post_type=product&#038;p=4094"},"modified":"2026-03-19T15:52:52","modified_gmt":"2026-03-19T15:52:52","slug":"reborn-baby-doll-magnetic-pacifier-realistic-fit","status":"publish","type":"product","link":"https:\/\/www.mkreborns.com\/cs\/product\/reborn-baby-doll-magnetic-pacifier-realistic-fit\/","title":{"rendered":"Magnetick\u00fd dudl\u00edk pro reborn panenku realistick\u00e9 padnut\u00ed"},"content":{"rendered":"<h2>Magnetick\u00fd dudl\u00edk pro panenky Reborn<\/h2>\n<div>Magnetick\u00fd dudl\u00edk pro reborn miminko je navr\u017een tak, aby vytv\u00e1\u0159el p\u0159esv\u011bd\u010divou a p\u0159irozenou interakci mezi panenkou a jej\u00edmi dopl\u0148ky. Je kompatibiln\u00ed s novorozen\u00fdmi reborn miminky vybaven\u00fdmi magnetick\u00fdm dudl\u00edkem a hladce se p\u0159ipev\u0148uje k panenk\u00e1m s vnit\u0159n\u00edmi magnety. Jeho vyv\u00e1\u017een\u00e1 konstrukce zaji\u0161\u0165uje spr\u00e1vn\u00e9 zarovn\u00e1n\u00ed bez posunu, \u010d\u00edm\u017e udr\u017euje realistickou prezentaci.<\/div>\n<h3>Bezpe\u010dn\u00e9 uchycen\u00ed a realistick\u00e9 detaily<\/h3>\n<div>Tento dudl\u00edk m\u00e1 zabudovan\u00e9 magnetick\u00e9 j\u00e1dro, kter\u00e9 umo\u017e\u0148uje snadn\u00e9 um\u00edst\u011bn\u00ed a vyjmut\u00ed a z\u00e1rove\u0148 zachov\u00e1v\u00e1 stabilitu. Je vhodn\u00fd zejm\u00e9na pro realistick\u00e9 panenky reborn, kter\u00e9 mohou pou\u017e\u00edvat skute\u010dn\u00e9 dudl\u00edky, a nab\u00edz\u00ed tak vizu\u00e1ln\u011b p\u0159esnou polohu pro krmen\u00ed nebo uklidn\u011bn\u00ed. Hladk\u00fd vn\u011bj\u0161\u00ed povrch zaji\u0161\u0165uje bezpe\u010dnou manipulaci a elegantn\u00ed vzhled.<\/div>\n<h3>Kl\u00ed\u010dov\u00e9 vlastnosti a v\u00fdhody<\/h3>\n<ul>\n<li>Siln\u00fd vnit\u0159n\u00ed magnet pro stabiln\u00ed polohov\u00e1n\u00ed<\/li>\n<li>Ur\u010deno pro novorozen\u00e9 reborn panenky s magnetick\u00fdm dudl\u00edkem<\/li>\n<li>Kompatibiln\u00ed s realistick\u00fdmi panenkami Reborn, kter\u00e9 mohou nosit skute\u010dn\u00e9 dudl\u00edky.<\/li>\n<li>Lehk\u00e1 konstrukce pro p\u0159irozen\u00e9 um\u00edst\u011bn\u00ed<\/li>\n<li>Odoln\u00fd materi\u00e1l pro opakovan\u00e9 pou\u017eit\u00ed<\/li>\n<\/ul>\n<div>Toto p\u0159\u00edslu\u0161enstv\u00ed umoc\u0148uje celkov\u00fd realistick\u00fd dojem z va\u0161\u00ed sb\u00edrky, co\u017e z n\u011bj \u010din\u00ed nezbytn\u00fd dopln\u011bk pro sb\u011bratele, kte\u0159\u00ed hledaj\u00ed vysoce kvalitn\u00ed magnetick\u00fd dudl\u00edk pro panenku Reborn.<\/div>\n<div>Magnetick\u00fd dudl\u00edk, nutnost pro miminko znovuzrozen\u00e9! S n\u00edm m\u016f\u017ee panenka (s uzav\u0159en\u00fdmi \u00fasty) cucat dudl\u00edk! Ale v prvn\u00ed \u0159ad\u011b by m\u011bl b\u00fdt magnetem v \u00fastech panenky.<\/div>\n<div>Velikost: jak ukazuj\u00ed fotografie<\/div>\n<div>Balen\u00ed obsahuje: 1 ks<\/div>\n<div class=\"detailmodule_image\"><img decoding=\"async\" class=\"detail-desc-decorate-image\" src=\"https:\/\/www.mkreborns.com\/wp-content\/uploads\/2026\/03\/kf-S57fdc27edc6e45fd90840739bcbc10bdK.webp\" alt=\"\" title=\"\"><img decoding=\"async\" class=\"detail-desc-decorate-image\" src=\"https:\/\/www.mkreborns.com\/wp-content\/uploads\/2026\/03\/kf-Scd0b0263191840aca2c6d9d9092853bb8.webp\" alt=\"\" title=\"\"><img decoding=\"async\" class=\"detail-desc-decorate-image\" src=\"https:\/\/www.mkreborns.com\/wp-content\/uploads\/2026\/03\/kf-Sad85ad6e0e2e4333b9ffe757ec183004e.webp\" alt=\"\" title=\"\"><img decoding=\"async\" class=\"detail-desc-decorate-image\" src=\"https:\/\/www.mkreborns.com\/wp-content\/uploads\/2026\/03\/kf-Sca74611577a2480781484c8c07bd4ff2F.webp\" alt=\"\" title=\"\"><img decoding=\"async\" class=\"detail-desc-decorate-image\" src=\"https:\/\/www.mkreborns.com\/wp-content\/uploads\/2026\/03\/kf-Sa13d45d1c7c54ba29181db819686fb23X.webp\" alt=\"\" title=\"\"><img decoding=\"async\" class=\"detail-desc-decorate-image\" src=\"https:\/\/www.mkreborns.com\/wp-content\/uploads\/2026\/03\/kf-S5499cdc26d4a40e9903777a859be4f1eP.webp\" alt=\"\" title=\"\"><img decoding=\"async\" class=\"detail-desc-decorate-image\" src=\"https:\/\/www.mkreborns.com\/wp-content\/uploads\/2026\/03\/kf-S11408845c0cb4f4193474b5608f40c9fI.webp\" alt=\"\" title=\"\"><img decoding=\"async\" class=\"detail-desc-decorate-image\" src=\"https:\/\/www.mkreborns.com\/wp-content\/uploads\/2026\/03\/kf-S0113e3dd80594293b07c453364e8fb07i.webp\" alt=\"\" title=\"\"><\/div>","protected":false},"excerpt":{"rendered":"<p>Precizn\u011b vyroben\u00fd magnetick\u00fd dudl\u00edk navr\u017een\u00fd pro zv\u00fd\u0161en\u00ed realismu a nab\u00edz\u00ed bezpe\u010dn\u00e9 a p\u0159irozen\u00e9 uchycen\u00ed pro kompatibiln\u00ed panenky reborn.<\/p>","protected":false},"featured_media":4095,"comment_status":"open","ping_status":"closed","template":"","meta":[],"product_brand":[],"product_cat":[162,148],"product_tag":[],"class_list":{"0":"post-4094","1":"product","2":"type-product","3":"status-publish","4":"has-post-thumbnail","6":"product_cat-reborn-pacifier","7":"product_cat-reborn-doll-accessories","9":"first","10":"instock","11":"sale","12":"shipping-taxable","13":"purchasable","14":"product-type-variable"},"_links":{"self":[{"href":"https:\/\/www.mkreborns.com\/cs\/wp-json\/wp\/v2\/product\/4094","targetHints":{"allow":["GET"]}}],"collection":[{"href":"https:\/\/www.mkreborns.com\/cs\/wp-json\/wp\/v2\/product"}],"about":[{"href":"https:\/\/www.mkreborns.com\/cs\/wp-json\/wp\/v2\/types\/product"}],"replies":[{"embeddable":true,"href":"https:\/\/www.mkreborns.com\/cs\/wp-json\/wp\/v2\/comments?post=4094"}],"wp:featuredmedia":[{"embeddable":true,"href":"https:\/\/www.mkreborns.com\/cs\/wp-json\/wp\/v2\/media\/4095"}],"wp:attachment":[{"href":"https:\/\/www.mkreborns.com\/cs\/wp-json\/wp\/v2\/media?parent=4094"}],"wp:term":[{"taxonomy":"product_brand","embeddable":true,"href":"https:\/\/www.mkreborns.com\/cs\/wp-json\/wp\/v2\/product_brand?post=4094"},{"taxonomy":"product_cat","embeddable":true,"href":"https:\/\/www.mkreborns.com\/cs\/wp-json\/wp\/v2\/product_cat?post=4094"},{"taxonomy":"product_tag","embeddable":true,"href":"https:\/\/www.mkreborns.com\/cs\/wp-json\/wp\/v2\/product_tag?post=4094"}],"curies":[{"name":"wp","href":"https:\/\/api.w.org\/{rel}","templated":true}]}}