{"id":4000,"date":"2026-03-18T14:46:48","date_gmt":"2026-03-18T14:46:48","guid":{"rendered":"https:\/\/www.mkreborns.com\/?post_type=product&#038;p=4000"},"modified":"2026-03-19T15:52:09","modified_gmt":"2026-03-19T15:52:09","slug":"american-girl-doll-clothes-fit-18-inch-reborns-set","status":"publish","type":"product","link":"https:\/\/www.mkreborns.com\/cs\/product\/american-girl-doll-clothes-fit-18-inch-reborns-set\/","title":{"rendered":"Sada oble\u010den\u00ed pro panenky American Girl, velikost 45 cm, Reborns"},"content":{"rendered":"<div class=\"product-specs-list-container\">\n<h2>Oble\u010den\u00ed pro panenky American Girl, vhodn\u00e9 pro reborny<\/h2>\n<div>Oble\u010den\u00ed pro panenky American Girl padne reborn\u016fm s pozoruhodnou p\u0159esnost\u00ed a zaji\u0161\u0165uje kompatibilitu s 45cm panenkami, kter\u00e9 dodr\u017euj\u00ed realistick\u00e9 proporce. Tyto outfity jsou strukturov\u00e1ny tak, aby odpov\u00eddaly t\u011bl\u016fm l\u00e1tkov\u00fdch panenek reborn v nov\u00fdch stylech, a nab\u00edzej\u00ed vyv\u00e1\u017eenou siluetu, kter\u00e1 umoc\u0148uje autenticitu. A\u0165 u\u017e je stylizov\u00e1n pro vystaven\u00ed nebo pro \u0161etrn\u00e9 zach\u00e1zen\u00ed, ka\u017ed\u00fd kus odr\u00e1\u017e\u00ed promy\u0161len\u00e9 \u0159emesln\u00e9 zpracov\u00e1n\u00ed.<\/div>\n<h3>Design na m\u00edru a integrita materi\u00e1l\u016f<\/h3>\n<div>Tyto ru\u010dn\u011b vyroben\u00e9 sady oble\u010den\u00ed pro panenky reborn jsou vyrobeny z m\u011bkk\u00e9, ale odoln\u00e9 l\u00e1tky a zachov\u00e1vaj\u00ed si strukturu bez ztuhlosti. \u0160it\u00ed kop\u00edruje anatomick\u00e9 kontury, co\u017e umo\u017e\u0148uje, aby od\u011bv p\u0159irozen\u011b sed\u011bl na r\u00e1mu panenky. To zaji\u0161\u0165uje jak vizu\u00e1ln\u00ed p\u0159esnost, tak dlouhodobou pou\u017eitelnost.<\/div>\n<h3>Kl\u00ed\u010dov\u00e9 vlastnosti a v\u00fdhody<\/h3>\n<ul>\n<li>Navr\u017eeno p\u0159esn\u011b pro reborny o velikosti 43 cm \/ 18 palc\u016f<\/li>\n<li>Vhodn\u00e9 jak pro oble\u010den\u00ed pro reborn panenky pro chlape\u010dky, tak i pro neutr\u00e1ln\u00ed styly<\/li>\n<li>Zes\u00edlen\u00e9 \u0161vy pro del\u0161\u00ed odolnost<\/li>\n<li>Lehk\u00e1 textilie pro pohodlnou manipulaci<\/li>\n<li>Kompatibiln\u00ed s nov\u00fdmi styly t\u011bl reborn l\u00e1tkov\u00fdch panenek<\/li>\n<\/ul>\n<div>D\u00edky vyv\u00e1\u017een\u00e9 struktu\u0159e a m\u011bkkosti dod\u00e1v\u00e1 tato sada oble\u010den\u00ed hloubku a realismus ka\u017ed\u00e9 kolekci, co\u017e z n\u00ed \u010din\u00ed spolehlivou volbu pro sb\u011bratele, kte\u0159\u00ed hledaj\u00ed oble\u010den\u00ed pro panenky American Girl, kter\u00e9 padne reborn\u016fm.<\/div>\n<div><\/div>\n<\/div>\n<div class=\"detailmodule_html\">\n<div class=\"detail-desc-decorate-richtext\">\n<p style=\"text-align: center; margin: 0px;\" align=\"center\"><img decoding=\"async\" src=\"https:\/\/www.mkreborns.com\/wp-content\/uploads\/2026\/03\/kf-Sbb815d83d55a42c6b75a953932f9eec9r.webp\" alt=\"\" title=\"\"><img decoding=\"async\" src=\"https:\/\/www.mkreborns.com\/wp-content\/uploads\/2026\/03\/kf-Sc2b352c412684bd7acc6bb9bcdf0c927X.webp\" alt=\"\" title=\"\"><img decoding=\"async\" src=\"https:\/\/www.mkreborns.com\/wp-content\/uploads\/2026\/03\/kf-S359e5961003a4ef683ca7929699e081fB.webp\" alt=\"\" title=\"\"><img decoding=\"async\" src=\"https:\/\/www.mkreborns.com\/wp-content\/uploads\/2026\/03\/kf-Scc518a1bba6e434daac8f2dece7ee61fs.webp\" alt=\"\" title=\"\"><img decoding=\"async\" src=\"https:\/\/www.mkreborns.com\/wp-content\/uploads\/2026\/03\/kf-S5c9fd673d94b407495c1b13241048299B.webp\" alt=\"\" title=\"\"><img decoding=\"async\" src=\"https:\/\/www.mkreborns.com\/wp-content\/uploads\/2026\/03\/kf-S4b118a05358c496d84bb2426874d92c8u.webp\" alt=\"\" title=\"\"><img decoding=\"async\" src=\"https:\/\/www.mkreborns.com\/wp-content\/uploads\/2026\/03\/kf-S41958fdfe8b14b4481003fedf9275197D.webp\" alt=\"\" title=\"\"><img decoding=\"async\" src=\"https:\/\/www.mkreborns.com\/wp-content\/uploads\/2026\/03\/kf-Sb7de3410d1f5466194271c86cc3b11047.webp\" alt=\"\" title=\"\"><img decoding=\"async\" src=\"https:\/\/www.mkreborns.com\/wp-content\/uploads\/2026\/03\/kf-Sf2d8e29dcfbb4426a9b5e0f048bc41bbl.webp\" alt=\"\" title=\"\"><img decoding=\"async\" src=\"https:\/\/www.mkreborns.com\/wp-content\/uploads\/2026\/03\/kf-S87f2002a343949f78d65c595eb6297c7W.webp\" alt=\"\" title=\"\"><img decoding=\"async\" src=\"https:\/\/www.mkreborns.com\/wp-content\/uploads\/2026\/03\/kf-Se889b72926b445a58aea59fc7b6b49b5L.webp\" alt=\"\" title=\"\"><\/p>\n<\/div>\n<\/div>","protected":false},"excerpt":{"rendered":"<div>Pe\u010dliv\u011b u\u0161it\u00e9 oble\u010den\u00ed navr\u017een\u00e9 pro 45cm reborny, kombinuj\u00edc\u00ed klasick\u00fd styl s m\u011bkk\u00fdmi materi\u00e1ly pro rafinovan\u00fd a realistick\u00fd vzhled.<\/div>","protected":false},"featured_media":4001,"comment_status":"open","ping_status":"closed","template":"","meta":[],"product_brand":[],"product_cat":[159,148],"product_tag":[],"class_list":{"0":"post-4000","1":"product","2":"type-product","3":"status-publish","4":"has-post-thumbnail","6":"product_cat-clothes-for-reborn-dolls","7":"product_cat-reborn-doll-accessories","9":"first","10":"instock","11":"sale","12":"shipping-taxable","13":"purchasable","14":"product-type-variable","15":"has-default-attributes"},"_links":{"self":[{"href":"https:\/\/www.mkreborns.com\/cs\/wp-json\/wp\/v2\/product\/4000","targetHints":{"allow":["GET"]}}],"collection":[{"href":"https:\/\/www.mkreborns.com\/cs\/wp-json\/wp\/v2\/product"}],"about":[{"href":"https:\/\/www.mkreborns.com\/cs\/wp-json\/wp\/v2\/types\/product"}],"replies":[{"embeddable":true,"href":"https:\/\/www.mkreborns.com\/cs\/wp-json\/wp\/v2\/comments?post=4000"}],"wp:featuredmedia":[{"embeddable":true,"href":"https:\/\/www.mkreborns.com\/cs\/wp-json\/wp\/v2\/media\/4001"}],"wp:attachment":[{"href":"https:\/\/www.mkreborns.com\/cs\/wp-json\/wp\/v2\/media?parent=4000"}],"wp:term":[{"taxonomy":"product_brand","embeddable":true,"href":"https:\/\/www.mkreborns.com\/cs\/wp-json\/wp\/v2\/product_brand?post=4000"},{"taxonomy":"product_cat","embeddable":true,"href":"https:\/\/www.mkreborns.com\/cs\/wp-json\/wp\/v2\/product_cat?post=4000"},{"taxonomy":"product_tag","embeddable":true,"href":"https:\/\/www.mkreborns.com\/cs\/wp-json\/wp\/v2\/product_tag?post=4000"}],"curies":[{"name":"wp","href":"https:\/\/api.w.org\/{rel}","templated":true}]}}