{"id":3908,"date":"2026-03-18T13:24:18","date_gmt":"2026-03-18T13:24:18","guid":{"rendered":"https:\/\/www.mkreborns.com\/?post_type=product&#038;p=3908"},"modified":"2026-03-19T15:51:18","modified_gmt":"2026-03-19T15:51:18","slug":"18-inch-reborn-dolls-clothes-for-baby-doll-outfits","status":"publish","type":"product","link":"https:\/\/www.mkreborns.com\/cs\/product\/18-inch-reborn-dolls-clothes-for-baby-doll-outfits\/","title":{"rendered":"Oble\u010den\u00ed pro 18palcov\u00e9 reborn panenky, oble\u010den\u00ed pro miminka a panenky"},"content":{"rendered":"<h2>Stylov\u00e9 oble\u010den\u00ed pro 18palcov\u00e9 reborn panenky pro ka\u017edou p\u0159\u00edle\u017eitost<\/h2>\n<div>Dod\u00e1 va\u0161\u00ed sb\u00edrce panenek kouzlo a autenticitu s na\u0161\u00edm oble\u010den\u00edm pro 18palcov\u00e9 panenky reborn. Ka\u017ed\u00fd outfit je promy\u0161len\u011b navr\u017een tak, aby panenk\u00e1m reborn perfektn\u011b padl a z\u00e1rove\u0148 nab\u00edzel pohodl\u00ed a realistick\u00fd vzhled. Toto oble\u010den\u00ed je ide\u00e1ln\u00ed jak pro hran\u00ed, tak pro vystaven\u00ed a prom\u011bn\u00ed ka\u017edou panenku v m\u00f3dn\u00ed spole\u010dnici.<\/div>\n<h3>Detailn\u00ed design a pohodln\u00e9 no\u0161en\u00ed<\/h3>\n<div>Na\u0161e kolekce p\u0159edstavuje oble\u010den\u00ed pro reborn panenky, kter\u00e9 je navr\u017eeno s ohledem na l\u00e1tkov\u00e9 t\u011bl\u00ed\u010dko t\u011bchto panenek, tak\u017ee ka\u017ed\u00fd kousek perfektn\u011b sed\u00ed a z\u00e1rove\u0148 zd\u016fraz\u0148uje realistick\u00e9 rysy. Od hrav\u00fdch dupa\u010dek a\u017e po elegantn\u00ed \u0161aty \u2013 tyto modely se vyzna\u010duj\u00ed univerz\u00e1lnost\u00ed a stylov\u00fdm vzhledem, d\u00edky \u010demu\u017e va\u0161e 18palcov\u00e1 panenka bude opravdu vynikat.<\/div>\n<ul>\n<li>P\u0159esn\u00e1 velikost: Navr\u017eeno pro panenky o velikosti 45 cm pro zaji\u0161t\u011bn\u00ed perfektn\u00edho padnut\u00ed a snadn\u00e9ho obl\u00e9k\u00e1n\u00ed.<\/li>\n<li>Vysoce kvalitn\u00ed tkaniny: M\u011bkk\u00e9 a odoln\u00e9 materi\u00e1ly poskytuj\u00ed pohodl\u00ed a dlouhou \u017eivotnost.<\/li>\n<li>Realistick\u00e9 detaily: Slo\u017eit\u00e9 pro\u0161\u00edv\u00e1n\u00ed a vzory odr\u00e1\u017eej\u00ed autentick\u00e9 d\u011btsk\u00e9 oble\u010den\u00ed.<\/li>\n<li>Rozmanitost styl\u016f: Zahrnuje le\u017e\u00e9rn\u00ed, form\u00e1ln\u00ed i sez\u00f3nn\u00ed oble\u010den\u00ed pro v\u0161echny p\u0159\u00edle\u017eitosti.<\/li>\n<li>Vylep\u0161en\u00fd realismus panenek: U\u0161it\u00e9 na m\u00edru tak, aby dopl\u0148ovalo l\u00e1tkov\u00e9 t\u011blo reborn panenky pro realistick\u00e9 kouzlo.<\/li>\n<\/ul>\n<div>Vylep\u0161ete si \u0161atn\u00edk pro panenky t\u00edmto n\u00e1dhern\u00fdm oble\u010den\u00edm pro 18palcov\u00e9 reborn panenky, kter\u00e9 v sob\u011b spojuje styl, pohodl\u00ed a autentick\u00fd vzhled.<\/div>\n<p style=\"text-align: center;\" align=\"center\"><img decoding=\"async\" src=\"https:\/\/www.mkreborns.com\/wp-content\/uploads\/2026\/03\/kf-S9d31fc2e9fcd434fafe9c0f471411531G.webp\" alt=\"\" title=\"\"><img decoding=\"async\" src=\"https:\/\/www.mkreborns.com\/wp-content\/uploads\/2026\/03\/kf-Sb94cdf6699bc46d3a5df6fd0f3b9305eP.webp\" alt=\"\" title=\"\"><img decoding=\"async\" src=\"https:\/\/www.mkreborns.com\/wp-content\/uploads\/2026\/03\/kf-S2c32be6ab85b4bc298e8b61239d41026x.webp\" alt=\"\" title=\"\"><img decoding=\"async\" src=\"https:\/\/www.mkreborns.com\/wp-content\/uploads\/2026\/03\/kf-S572f25d107b74315a31d1340abf1216fq.webp\" alt=\"\" title=\"\"><img decoding=\"async\" src=\"https:\/\/www.mkreborns.com\/wp-content\/uploads\/2026\/03\/kf-S5255329b890042289e03e8edbc8650fdh.webp\" alt=\"\" title=\"\"><\/p>","protected":false},"excerpt":{"rendered":"<p>Ozdobte svou 45cm panenku reborn stylov\u00fdmi, m\u011bkk\u00fdmi a detailn\u00edmi oble\u010dky, kter\u00e9 jsou navr\u017eeny pro realistick\u00e9 hran\u00ed a trvalou eleganci.<\/p>","protected":false},"featured_media":3909,"comment_status":"open","ping_status":"closed","template":"","meta":[],"product_brand":[],"product_cat":[159,148],"product_tag":[],"class_list":{"0":"post-3908","1":"product","2":"type-product","3":"status-publish","4":"has-post-thumbnail","6":"product_cat-clothes-for-reborn-dolls","7":"product_cat-reborn-doll-accessories","9":"first","10":"instock","11":"sale","12":"shipping-taxable","13":"purchasable","14":"product-type-simple"},"_links":{"self":[{"href":"https:\/\/www.mkreborns.com\/cs\/wp-json\/wp\/v2\/product\/3908","targetHints":{"allow":["GET"]}}],"collection":[{"href":"https:\/\/www.mkreborns.com\/cs\/wp-json\/wp\/v2\/product"}],"about":[{"href":"https:\/\/www.mkreborns.com\/cs\/wp-json\/wp\/v2\/types\/product"}],"replies":[{"embeddable":true,"href":"https:\/\/www.mkreborns.com\/cs\/wp-json\/wp\/v2\/comments?post=3908"}],"wp:featuredmedia":[{"embeddable":true,"href":"https:\/\/www.mkreborns.com\/cs\/wp-json\/wp\/v2\/media\/3909"}],"wp:attachment":[{"href":"https:\/\/www.mkreborns.com\/cs\/wp-json\/wp\/v2\/media?parent=3908"}],"wp:term":[{"taxonomy":"product_brand","embeddable":true,"href":"https:\/\/www.mkreborns.com\/cs\/wp-json\/wp\/v2\/product_brand?post=3908"},{"taxonomy":"product_cat","embeddable":true,"href":"https:\/\/www.mkreborns.com\/cs\/wp-json\/wp\/v2\/product_cat?post=3908"},{"taxonomy":"product_tag","embeddable":true,"href":"https:\/\/www.mkreborns.com\/cs\/wp-json\/wp\/v2\/product_tag?post=3908"}],"curies":[{"name":"wp","href":"https:\/\/api.w.org\/{rel}","templated":true}]}}