{"id":3890,"date":"2026-03-18T13:08:27","date_gmt":"2026-03-18T13:08:27","guid":{"rendered":"https:\/\/www.mkreborns.com\/?post_type=product&#038;p=3890"},"modified":"2026-03-19T15:52:23","modified_gmt":"2026-03-19T15:52:23","slug":"baby-doll-clothes-17-18-inch-reborn-outfits-for-girls","status":"publish","type":"product","link":"https:\/\/www.mkreborns.com\/cs\/product\/baby-doll-clothes-17-18-inch-reborn-outfits-for-girls\/","title":{"rendered":"Oble\u010den\u00ed pro panenky 17, 18 palc\u016f, Reborn kost\u00fdmy pro d\u00edvky"},"content":{"rendered":"<div class=\"detailmodule_html\">\n<div class=\"detail-desc-decorate-richtext\">\n<h2>Okouzluj\u00edc\u00ed styly oble\u010den\u00ed pro panenky Reborn 17 18 palc\u016f<\/h2>\n<div>Pozvedn\u011bte svou sb\u00edrku reborn panenek s na\u0161\u00edm pr\u00e9miov\u00fdm oble\u010den\u00edm pro panenky 17\u201318 palc\u016f. Ka\u017ed\u00fd outfit je pe\u010dliv\u011b navr\u017een tak, aby ladil s oble\u010den\u00edm pro reborn panenky d\u00edvky, kombinuj\u00edc\u00ed pohodl\u00ed, odolnost a realistick\u00e9 detaily. A\u0165 u\u017e na hran\u00ed nebo vystaven\u00ed, toto oble\u010den\u00ed nab\u00edz\u00ed dokonal\u00e9 padnut\u00ed a \u017eiv\u00e9, poutav\u00e9 vzory.<\/div>\n<h3>Unik\u00e1tn\u00ed designy a vzorovan\u00e9 detaily<\/h3>\n<div>N\u00e1\u0161 v\u00fdb\u011br obsahuje propracovan\u00e9 l\u00e1tkov\u00e9 vzory na t\u011bl\u00ed\u010dka pro reborn panenky, kter\u00e9 ka\u017ed\u00e9 panence umo\u017e\u0148uj\u00ed uk\u00e1zat jej\u00ed osobnost a styl. Vyberte si z \u0161at\u016f, overal\u016f a slad\u011bn\u00fdch sad \u0161it\u00fdch na m\u00edru pro 17palcov\u00e9 i 18palcov\u00e9 reborn panenky. D\u00edky m\u011bkk\u00fdm l\u00e1tk\u00e1m a realistick\u00fdm povrchov\u00fdm \u00faprav\u00e1m ka\u017ed\u00fd outfit umocn\u00ed realistick\u00e9 kouzlo va\u0161\u00ed panenky.<\/div>\n<ul>\n<li>P\u0159izp\u016fsobeno: P\u0159esn\u00e1 velikost pro reborn panenky o velikosti 47-46 cm pro bezprobl\u00e9mov\u00e9 obl\u00e9k\u00e1n\u00ed.<\/li>\n<li>Vysoce kvalitn\u00ed materi\u00e1ly: Jemn\u00e9 a odoln\u00e9 tkaniny, kter\u00e9 si zachov\u00e1vaj\u00ed tvar a barvu.<\/li>\n<li>Vzorovan\u00e1 rozmanitost: Vzor na t\u011blo z l\u00e1tky pro panenky Reborn dod\u00e1v\u00e1 ka\u017ed\u00e9mu outfitu individualitu.<\/li>\n<li>V\u0161estrann\u00fd \u0161atn\u00edk: Zahrnuje oble\u010den\u00ed pro voln\u00fd \u010das, spole\u010densk\u00e9 \u0161aty a hrav\u00e9 soupravy.<\/li>\n<li>Vylep\u0161en\u00fd realismus: Detailn\u00ed pro\u0161\u00edv\u00e1n\u00ed a povrchov\u00e1 \u00faprava dod\u00e1vaj\u00ed ka\u017ed\u00e9mu kusu autenticitu.<\/li>\n<\/ul>\n<div>Vneste radost a sofistikovanost do ka\u017ed\u00e9 vystaven\u00e9 panenky s t\u00edmto kr\u00e1sn\u011b vyroben\u00fdm oble\u010den\u00edm pro panenky Reborn o rozm\u011brech 17 18 palc\u016f, kter\u00e9 v sob\u011b spojuje styl, pohodl\u00ed a realistickou eleganci.<\/div>\n<div><\/div>\n<p style=\"text-align: center; margin: 0px;\" align=\"center\"><img decoding=\"async\" src=\"https:\/\/www.mkreborns.com\/wp-content\/uploads\/2026\/03\/kf-Sff4af0a0ce8d4485b7c09410cb094249I.webp\" alt=\"\" title=\"\"><img decoding=\"async\" src=\"https:\/\/www.mkreborns.com\/wp-content\/uploads\/2026\/03\/kf-S10d68fad596841c589219dc0c10319fbZ.webp\" alt=\"\" title=\"\"><img decoding=\"async\" src=\"https:\/\/www.mkreborns.com\/wp-content\/uploads\/2026\/03\/kf-S8dbdfa36fe014c8fa0765011983d82caD.webp\" alt=\"\" title=\"\"><img decoding=\"async\" src=\"https:\/\/www.mkreborns.com\/wp-content\/uploads\/2026\/03\/kf-S920d035ab985467b8517b1483d4f6bbaY.webp\" alt=\"\" title=\"\"><img decoding=\"async\" src=\"https:\/\/www.mkreborns.com\/wp-content\/uploads\/2026\/03\/kf-S4b96cea014a44b709b752532f6113fbfu.webp\" alt=\"\" title=\"\"><img decoding=\"async\" src=\"https:\/\/www.mkreborns.com\/wp-content\/uploads\/2026\/03\/kf-S44c92652455b47b98527b3aa131f6b1eT.webp\" alt=\"\" title=\"\"><img decoding=\"async\" src=\"https:\/\/www.mkreborns.com\/wp-content\/uploads\/2026\/03\/kf-S56de3d76be034bbfb5ae1261f59232a1O.webp\" alt=\"\" title=\"\"><img decoding=\"async\" src=\"https:\/\/www.mkreborns.com\/wp-content\/uploads\/2026\/03\/kf-S0590e45ab54740c38d581d7611ef244cS.webp\" alt=\"\" title=\"\"><img decoding=\"async\" src=\"https:\/\/www.mkreborns.com\/wp-content\/uploads\/2026\/03\/kf-S4d9af2659e454d8b87e97bd159ed9cdfz.webp\" alt=\"\" title=\"\"><img decoding=\"async\" src=\"https:\/\/www.mkreborns.com\/wp-content\/uploads\/2026\/03\/kf-Sb9c38680031e40f6b3db3e4e386af5c5l.webp\" alt=\"\" title=\"\"><\/p>\n<\/div>\n<\/div>","protected":false},"excerpt":{"rendered":"<p>Prom\u011b\u0148te svou znovuzrozenou panenku ve stylovou spole\u010dnici s m\u011bkk\u00fdm a detailn\u00edm oble\u010den\u00edm navr\u017een\u00fdm pro realistick\u00e9 hran\u00ed a nekone\u010dn\u00e9 kouzlo.<\/p>","protected":false},"featured_media":3891,"comment_status":"open","ping_status":"closed","template":"","meta":[],"product_brand":[],"product_cat":[159,148],"product_tag":[],"class_list":{"0":"post-3890","1":"product","2":"type-product","3":"status-publish","4":"has-post-thumbnail","6":"product_cat-clothes-for-reborn-dolls","7":"product_cat-reborn-doll-accessories","9":"first","10":"instock","11":"sale","12":"shipping-taxable","13":"purchasable","14":"product-type-variable","15":"has-default-attributes"},"_links":{"self":[{"href":"https:\/\/www.mkreborns.com\/cs\/wp-json\/wp\/v2\/product\/3890","targetHints":{"allow":["GET"]}}],"collection":[{"href":"https:\/\/www.mkreborns.com\/cs\/wp-json\/wp\/v2\/product"}],"about":[{"href":"https:\/\/www.mkreborns.com\/cs\/wp-json\/wp\/v2\/types\/product"}],"replies":[{"embeddable":true,"href":"https:\/\/www.mkreborns.com\/cs\/wp-json\/wp\/v2\/comments?post=3890"}],"wp:featuredmedia":[{"embeddable":true,"href":"https:\/\/www.mkreborns.com\/cs\/wp-json\/wp\/v2\/media\/3891"}],"wp:attachment":[{"href":"https:\/\/www.mkreborns.com\/cs\/wp-json\/wp\/v2\/media?parent=3890"}],"wp:term":[{"taxonomy":"product_brand","embeddable":true,"href":"https:\/\/www.mkreborns.com\/cs\/wp-json\/wp\/v2\/product_brand?post=3890"},{"taxonomy":"product_cat","embeddable":true,"href":"https:\/\/www.mkreborns.com\/cs\/wp-json\/wp\/v2\/product_cat?post=3890"},{"taxonomy":"product_tag","embeddable":true,"href":"https:\/\/www.mkreborns.com\/cs\/wp-json\/wp\/v2\/product_tag?post=3890"}],"curies":[{"name":"wp","href":"https:\/\/api.w.org\/{rel}","templated":true}]}}