{"id":3868,"date":"2026-03-18T10:01:51","date_gmt":"2026-03-18T10:01:51","guid":{"rendered":"https:\/\/www.mkreborns.com\/?post_type=product&#038;p=3868"},"modified":"2026-03-19T15:52:36","modified_gmt":"2026-03-19T15:52:36","slug":"18-inch-reborn-doll-clothes-for-toddlers-and-girls","status":"publish","type":"product","link":"https:\/\/www.mkreborns.com\/cs\/product\/18-inch-reborn-doll-clothes-for-toddlers-and-girls\/","title":{"rendered":"Oble\u010den\u00ed pro 18palcov\u00e9 reborn panenky pro batolata a d\u00edvky"},"content":{"rendered":"<div class=\"product-specs-list-container\">\n<h2>Elegantn\u00ed oble\u010den\u00ed pro ka\u017edou 48palcovou reborn panenku<\/h2>\n<div>Ud\u011blejte ze sv\u00e9 reborn panenky st\u0159ed pozornosti na\u0161e pr\u00e9miov\u00e9 oble\u010den\u00ed pro reborn panenky o velikosti 45 cm. Ka\u017ed\u00fd outfit je navr\u017een tak, aby dokonale padl batolat\u016fm reborn panenk\u00e1m, a vyva\u017euje realistick\u00e9 detaily s m\u011bkk\u00fdmi a odoln\u00fdmi l\u00e1tkami. Od ka\u017edodenn\u00edho no\u0161en\u00ed a\u017e po zvl\u00e1\u0161tn\u00ed p\u0159\u00edle\u017eitosti, toto oble\u010den\u00ed zajist\u00ed, \u017ee va\u0161e panenka bude v\u017edy vypadat dokonale.<\/div>\n<h3>Stylov\u00e1 rozmanitost a dopl\u0148ky<\/h3>\n<div>Na\u0161e kolekce obsahuje silikonov\u00e9 oble\u010den\u00ed a dopl\u0148ky pro panenky reborn, kter\u00e9 obohat\u00ed \u0161atn\u00edk ka\u017ed\u00e9 panenky. Vyberte si z z\u00e1\u0159iv\u011b fialov\u00fdch oble\u010dk\u016f pro panenky reborn, jemn\u00fdch \u0161at\u016f pro panenky reborn hol\u010di\u010dky a v\u0161estrann\u00e9ho oble\u010den\u00ed pro miminka vhodn\u00e9ho pro ka\u017edou situaci. Ka\u017ed\u00fd kus je u\u0161it\u00fd na m\u00edru tak, aby umo\u017e\u0148oval snadn\u00e9 obl\u00e9k\u00e1n\u00ed a z\u00e1rove\u0148 si zachoval realistick\u00fd vzhled ru\u010dn\u011b vyroben\u00e9ho oble\u010den\u00ed.<\/div>\n<ul>\n<li>Pr\u00e9miov\u00fd st\u0159ih: Perfektn\u00ed velikost pro 45cm panenky reborn, zaji\u0161\u0165uje pohodl\u00ed a eleganci.<\/li>\n<li>Vysoce kvalitn\u00ed l\u00e1tky: M\u011bkk\u00e9 a odoln\u00e9 materi\u00e1ly, kter\u00e9 napodobuj\u00ed textury skute\u010dn\u00e9ho d\u011btsk\u00e9ho oble\u010den\u00ed.<\/li>\n<li>V\u0161estrann\u00e9 styly: Od hrav\u00e9ho le\u017e\u00e9rn\u00edho oble\u010den\u00ed a\u017e po sofistikovan\u00e9 fialov\u00e9 outfity.<\/li>\n<li>Mo\u017enosti p\u0159\u00edslu\u0161enstv\u00ed: Sou\u010d\u00e1st\u00ed je slad\u011bn\u00e1 \u010depice, boty a deky pro kompletn\u00ed sestavu.<\/li>\n<li>Realistick\u00e9 detaily: Ru\u010dn\u011b pro\u0161\u00edvan\u00e9 a okouzluj\u00edc\u00ed ozdoby pro realistick\u00fd vzhled.<\/li>\n<\/ul>\n<div>Vneste do sv\u00e9 sb\u00edrky kouzlo, realismus a z\u00e1bavu s t\u00edmto kr\u00e1sn\u011b vyroben\u00fdm oble\u010den\u00edm pro 45cm reborn panenky, kter\u00e9 vylep\u0161\u00ed ka\u017ed\u00e9 hern\u00ed dobrodru\u017estv\u00ed.<\/div>\n<div><\/div>\n<\/div>\n<div class=\"detailmodule_html\">\n<div class=\"detail-desc-decorate-richtext\">\n<p style=\"text-align: center; margin: 0px;\" align=\"center\"><img decoding=\"async\" src=\"https:\/\/www.mkreborns.com\/wp-content\/uploads\/2026\/03\/kf-S7d8ebb1a885d44398f64514886946629E.webp\" alt=\"\" title=\"\"><img decoding=\"async\" src=\"https:\/\/www.mkreborns.com\/wp-content\/uploads\/2026\/03\/kf-S89a1ffaead92487d9a130af90b3d4fc5K.webp\" alt=\"\" title=\"\"><img decoding=\"async\" src=\"https:\/\/www.mkreborns.com\/wp-content\/uploads\/2026\/03\/kf-Sc34b80cf2d3a4c60b3a32babd9f3f5548.webp\" alt=\"\" title=\"\"><img decoding=\"async\" src=\"https:\/\/www.mkreborns.com\/wp-content\/uploads\/2026\/03\/kf-S160a0246ec60450ba40c67d32c0961672.webp\" alt=\"\" title=\"\"><img decoding=\"async\" src=\"https:\/\/www.mkreborns.com\/wp-content\/uploads\/2026\/03\/kf-S4d9f66438f1f42e0b260f4684f54fb0bW.webp\" alt=\"\" title=\"\"><img decoding=\"async\" src=\"https:\/\/ae01.alicdn.com\/kf\/S9f14fbaf63524021b86c7a946d713f30N.jpg\" alt=\"\" title=\"\"><img decoding=\"async\" src=\"https:\/\/ae01.alicdn.com\/kf\/Sf7fd6a137dba47e9aecbf4de66cb87df3.jpg\" alt=\"\" title=\"\"><img decoding=\"async\" src=\"https:\/\/ae01.alicdn.com\/kf\/S06ea55e7d37a45acb579364f3408aa76B.jpg\" alt=\"\" title=\"\"><img decoding=\"async\" src=\"https:\/\/ae01.alicdn.com\/kf\/S81d380c3ee694b8eafebd8a9c2653a1at.jpg\" alt=\"\" title=\"\"><img decoding=\"async\" src=\"https:\/\/ae01.alicdn.com\/kf\/S580e530ac6c84a7a82ce96a246202693U.jpg\" alt=\"\" title=\"\"><img decoding=\"async\" src=\"https:\/\/ae01.alicdn.com\/kf\/S4fce4907e8dd42a7b8679f2512ebba25I.jpg\" alt=\"\" title=\"\"><img decoding=\"async\" src=\"https:\/\/ae01.alicdn.com\/kf\/S0f517424cd3642999a0a881e47972c1du.jpg\" alt=\"\" title=\"\"><img decoding=\"async\" src=\"https:\/\/ae01.alicdn.com\/kf\/Sca06b8ff57b34251853a9fb540f747afw.jpg\" alt=\"\" title=\"\"><img decoding=\"async\" src=\"https:\/\/ae01.alicdn.com\/kf\/Sfd3631ab03ee426692991be15c6afe4ee.jpg\" alt=\"\" title=\"\"><\/p>\n<\/div>\n<\/div>","protected":false},"excerpt":{"rendered":"<p>Obl\u00e9kn\u011bte svou znovuzrozenou panenku stylov\u011b do \u00fatuln\u00fdch, vysoce kvalitn\u00edch oble\u010dk\u016f, kter\u00e9 v sob\u011b spojuj\u00ed kouzlo a pohodl\u00ed pro hodiny n\u00e1padit\u00e9ho hran\u00ed.<\/p>","protected":false},"featured_media":3869,"comment_status":"open","ping_status":"closed","template":"","meta":[],"product_brand":[],"product_cat":[159,148],"product_tag":[],"class_list":{"0":"post-3868","1":"product","2":"type-product","3":"status-publish","4":"has-post-thumbnail","6":"product_cat-clothes-for-reborn-dolls","7":"product_cat-reborn-doll-accessories","9":"first","10":"instock","11":"sale","12":"shipping-taxable","13":"purchasable","14":"product-type-variable","15":"has-default-attributes"},"_links":{"self":[{"href":"https:\/\/www.mkreborns.com\/cs\/wp-json\/wp\/v2\/product\/3868","targetHints":{"allow":["GET"]}}],"collection":[{"href":"https:\/\/www.mkreborns.com\/cs\/wp-json\/wp\/v2\/product"}],"about":[{"href":"https:\/\/www.mkreborns.com\/cs\/wp-json\/wp\/v2\/types\/product"}],"replies":[{"embeddable":true,"href":"https:\/\/www.mkreborns.com\/cs\/wp-json\/wp\/v2\/comments?post=3868"}],"wp:featuredmedia":[{"embeddable":true,"href":"https:\/\/www.mkreborns.com\/cs\/wp-json\/wp\/v2\/media\/3869"}],"wp:attachment":[{"href":"https:\/\/www.mkreborns.com\/cs\/wp-json\/wp\/v2\/media?parent=3868"}],"wp:term":[{"taxonomy":"product_brand","embeddable":true,"href":"https:\/\/www.mkreborns.com\/cs\/wp-json\/wp\/v2\/product_brand?post=3868"},{"taxonomy":"product_cat","embeddable":true,"href":"https:\/\/www.mkreborns.com\/cs\/wp-json\/wp\/v2\/product_cat?post=3868"},{"taxonomy":"product_tag","embeddable":true,"href":"https:\/\/www.mkreborns.com\/cs\/wp-json\/wp\/v2\/product_tag?post=3868"}],"curies":[{"name":"wp","href":"https:\/\/api.w.org\/{rel}","templated":true}]}}