{"id":3849,"date":"2026-03-09T15:51:22","date_gmt":"2026-03-09T15:51:22","guid":{"rendered":"https:\/\/www.mkreborns.com\/?post_type=product&#038;p=3849"},"modified":"2026-03-20T15:51:13","modified_gmt":"2026-03-20T15:51:13","slug":"kelly-silicone-creative-gifts-reborn-doll","status":"publish","type":"product","link":"https:\/\/www.mkreborns.com\/cs\/product\/kelly-silicone-creative-gifts-reborn-doll\/","title":{"rendered":"Silikonov\u00e9 kreativn\u00ed d\u00e1rky Kelly Reborn panenka"},"content":{"rendered":"<p>Zat\u00edmco se star\u00e1te o malou reborn panenku, obl\u00e9k\u00e1te ji, jemn\u011b ji houp\u00e1te a sledujete ji, jak se v\u00e1m schoul\u00ed na rameni se zav\u0159en\u00fdma o\u010dima, v tu chv\u00edli je i vzduch hebk\u00fd a kr\u00e1sn\u00fd. Sp\u00edc\u00ed reborn panenka je v\u00fdjime\u010dn\u011b roztomil\u00e1 a n\u011b\u017en\u00e1. Silikonov\u00e1 panenka je hol\u010di\u010dka a m\u016f\u017eete si vybrat reborn panenku podle sv\u00fdch vlastn\u00edch preferenc\u00ed.<\/p>\n<p>Pohlav\u00ed: D\u00edvka<br \/>\nV\u00fd\u0161ka: 40 cm<br \/>\nHmotnost: 1,75 kg<br \/>\nHmotnost balen\u00ed: 2,5 kg<br \/>\nRozm\u011bry balen\u00ed: 46*21*15 cm<\/p>\n<p>&nbsp;<\/p>\n<p><img decoding=\"async\" class=\"aligncenter wp-image-3857 size-full\" src=\"https:\/\/www.mkreborns.com\/wp-content\/themes\/woodmart\/images\/lazy.svg\" data-src=\"https:\/\/www.mkreborns.com\/wp-content\/uploads\/2026\/03\/Kelly-Reborn-doll8.jpg\" alt=\"\" width=\"1400\" height=\"1400\" title=\"\" srcset=\"\" data-srcset=\"https:\/\/www.mkreborns.com\/wp-content\/uploads\/2026\/03\/Kelly-Reborn-doll8.jpg 1400w, https:\/\/www.mkreborns.com\/wp-content\/uploads\/2026\/03\/Kelly-Reborn-doll8-300x300.jpg 300w, https:\/\/www.mkreborns.com\/wp-content\/uploads\/2026\/03\/Kelly-Reborn-doll8-800x800.jpg 800w, https:\/\/www.mkreborns.com\/wp-content\/uploads\/2026\/03\/Kelly-Reborn-doll8-150x150.jpg 150w, https:\/\/www.mkreborns.com\/wp-content\/uploads\/2026\/03\/Kelly-Reborn-doll8-768x768.jpg 768w, https:\/\/www.mkreborns.com\/wp-content\/uploads\/2026\/03\/Kelly-Reborn-doll8-12x12.jpg 12w, https:\/\/www.mkreborns.com\/wp-content\/uploads\/2026\/03\/Kelly-Reborn-doll8-700x700.jpg 700w\" sizes=\"(max-width: 1400px) 100vw, 1400px\" \/> <img decoding=\"async\" class=\"aligncenter wp-image-3856 size-full\" src=\"https:\/\/www.mkreborns.com\/wp-content\/themes\/woodmart\/images\/lazy.svg\" data-src=\"https:\/\/www.mkreborns.com\/wp-content\/uploads\/2026\/03\/Kelly-Reborn-doll7.jpg\" alt=\"\" width=\"1400\" height=\"1400\" title=\"\" srcset=\"\" data-srcset=\"https:\/\/www.mkreborns.com\/wp-content\/uploads\/2026\/03\/Kelly-Reborn-doll7.jpg 1400w, https:\/\/www.mkreborns.com\/wp-content\/uploads\/2026\/03\/Kelly-Reborn-doll7-300x300.jpg 300w, https:\/\/www.mkreborns.com\/wp-content\/uploads\/2026\/03\/Kelly-Reborn-doll7-800x800.jpg 800w, https:\/\/www.mkreborns.com\/wp-content\/uploads\/2026\/03\/Kelly-Reborn-doll7-150x150.jpg 150w, https:\/\/www.mkreborns.com\/wp-content\/uploads\/2026\/03\/Kelly-Reborn-doll7-768x768.jpg 768w, https:\/\/www.mkreborns.com\/wp-content\/uploads\/2026\/03\/Kelly-Reborn-doll7-12x12.jpg 12w, https:\/\/www.mkreborns.com\/wp-content\/uploads\/2026\/03\/Kelly-Reborn-doll7-700x700.jpg 700w\" sizes=\"(max-width: 1400px) 100vw, 1400px\" \/> <img decoding=\"async\" class=\"aligncenter wp-image-3855 size-full\" src=\"https:\/\/www.mkreborns.com\/wp-content\/themes\/woodmart\/images\/lazy.svg\" data-src=\"https:\/\/www.mkreborns.com\/wp-content\/uploads\/2026\/03\/Kelly-Reborn-doll6.jpg\" alt=\"\" width=\"1400\" height=\"1400\" title=\"\" srcset=\"\" data-srcset=\"https:\/\/www.mkreborns.com\/wp-content\/uploads\/2026\/03\/Kelly-Reborn-doll6.jpg 1400w, https:\/\/www.mkreborns.com\/wp-content\/uploads\/2026\/03\/Kelly-Reborn-doll6-300x300.jpg 300w, https:\/\/www.mkreborns.com\/wp-content\/uploads\/2026\/03\/Kelly-Reborn-doll6-800x800.jpg 800w, https:\/\/www.mkreborns.com\/wp-content\/uploads\/2026\/03\/Kelly-Reborn-doll6-150x150.jpg 150w, https:\/\/www.mkreborns.com\/wp-content\/uploads\/2026\/03\/Kelly-Reborn-doll6-768x768.jpg 768w, https:\/\/www.mkreborns.com\/wp-content\/uploads\/2026\/03\/Kelly-Reborn-doll6-12x12.jpg 12w, https:\/\/www.mkreborns.com\/wp-content\/uploads\/2026\/03\/Kelly-Reborn-doll6-700x700.jpg 700w\" sizes=\"(max-width: 1400px) 100vw, 1400px\" \/><\/p>","protected":false},"excerpt":{"rendered":"<p>Reborn panenka je skv\u011bl\u00fd a kreativn\u00ed d\u00e1rek pro p\u0159\u00e1tele a rodinu. M\u016f\u017ee slou\u017eit jako spole\u010dn\u00edk a z\u016fstat s va\u0161\u00edm d\u00edt\u011btem po cel\u00fd jeho \u017eivot.<\/p>","protected":false},"featured_media":3854,"comment_status":"open","ping_status":"closed","template":"","meta":[],"product_brand":[],"product_cat":[158,144,155,146,154,153,157],"product_tag":[],"class_list":{"0":"post-3849","1":"product","2":"type-product","3":"status-publish","4":"has-post-thumbnail","6":"product_cat-15-inch-baby-dolls","7":"product_cat-baby-girl-reborn-dolls","8":"product_cat-cute-reborn-dolls","9":"product_cat-full-silicone-reborn-dolls","10":"product_cat-lifelike-reborn-dolls","11":"product_cat-newborn-reborn-dolls","12":"product_cat-real-life-baby-dolls","14":"first","15":"instock","16":"sale","17":"shipping-taxable","18":"purchasable","19":"product-type-simple"},"_links":{"self":[{"href":"https:\/\/www.mkreborns.com\/cs\/wp-json\/wp\/v2\/product\/3849","targetHints":{"allow":["GET"]}}],"collection":[{"href":"https:\/\/www.mkreborns.com\/cs\/wp-json\/wp\/v2\/product"}],"about":[{"href":"https:\/\/www.mkreborns.com\/cs\/wp-json\/wp\/v2\/types\/product"}],"replies":[{"embeddable":true,"href":"https:\/\/www.mkreborns.com\/cs\/wp-json\/wp\/v2\/comments?post=3849"}],"wp:featuredmedia":[{"embeddable":true,"href":"https:\/\/www.mkreborns.com\/cs\/wp-json\/wp\/v2\/media\/3854"}],"wp:attachment":[{"href":"https:\/\/www.mkreborns.com\/cs\/wp-json\/wp\/v2\/media?parent=3849"}],"wp:term":[{"taxonomy":"product_brand","embeddable":true,"href":"https:\/\/www.mkreborns.com\/cs\/wp-json\/wp\/v2\/product_brand?post=3849"},{"taxonomy":"product_cat","embeddable":true,"href":"https:\/\/www.mkreborns.com\/cs\/wp-json\/wp\/v2\/product_cat?post=3849"},{"taxonomy":"product_tag","embeddable":true,"href":"https:\/\/www.mkreborns.com\/cs\/wp-json\/wp\/v2\/product_tag?post=3849"}],"curies":[{"name":"wp","href":"https:\/\/api.w.org\/{rel}","templated":true}]}}