{"id":3837,"date":"2026-03-09T03:19:58","date_gmt":"2026-03-09T03:19:58","guid":{"rendered":"https:\/\/www.mkreborns.com\/?post_type=product&#038;p=3837"},"modified":"2026-03-18T15:33:57","modified_gmt":"2026-03-18T15:33:57","slug":"shrek-silicone-toy-little-reborn-doll","status":"publish","type":"product","link":"https:\/\/www.mkreborns.com\/cs\/product\/shrek-silicone-toy-little-reborn-doll\/","title":{"rendered":"Silikonov\u00e1 hra\u010dka Shrek Mal\u00e1 reborn panenka"},"content":{"rendered":"<p>Mal\u00e1 znovuzrozen\u00e1 panenka nav\u017edy z\u016fstane ve v\u011bku, kdy nejv\u00edce pot\u0159ebuje p\u00e9\u010di, a bude nav\u017edy bd\u00edt nad tebou i nad sv\u011btem sv\u00fdma tich\u00fdma o\u010dima. Nevyroste, neodejde, nezm\u011bn\u00ed se. Kdy\u017e bude\u0161 \u00fat\u011bchu nejv\u00edc pot\u0159ebovat, bude ti\u0161e tu a svou pravou tv\u00e1\u0159\u00ed ti jemn\u011b \u0159ekne, \u017ee v tom nejsi sama.<\/p>\n<p>Pohlav\u00ed: Chlapec<br \/>\nV\u00fd\u0161ka: 30 cm<br \/>\nHmotnost: 0,8 kg<br \/>\nHmotnost balen\u00ed: 1,5 kg<br \/>\nRozm\u011bry balen\u00ed: 36*17*11 cm<\/p>\n<p><img decoding=\"async\" class=\"aligncenter wp-image-3848 size-full\" src=\"https:\/\/www.mkreborns.com\/wp-content\/themes\/woodmart\/images\/lazy.svg\" data-src=\"https:\/\/www.mkreborns.com\/wp-content\/uploads\/2026\/03\/Shrek-reborn-doll11.jpg\" alt=\"\" width=\"1400\" height=\"933\" title=\"\" srcset=\"\" data-srcset=\"https:\/\/www.mkreborns.com\/wp-content\/uploads\/2026\/03\/Shrek-reborn-doll11.jpg 1400w, https:\/\/www.mkreborns.com\/wp-content\/uploads\/2026\/03\/Shrek-reborn-doll11-400x267.jpg 400w, https:\/\/www.mkreborns.com\/wp-content\/uploads\/2026\/03\/Shrek-reborn-doll11-1200x800.jpg 1200w, https:\/\/www.mkreborns.com\/wp-content\/uploads\/2026\/03\/Shrek-reborn-doll11-768x512.jpg 768w, https:\/\/www.mkreborns.com\/wp-content\/uploads\/2026\/03\/Shrek-reborn-doll11-18x12.jpg 18w, https:\/\/www.mkreborns.com\/wp-content\/uploads\/2026\/03\/Shrek-reborn-doll11-700x467.jpg 700w, https:\/\/www.mkreborns.com\/wp-content\/uploads\/2026\/03\/Shrek-reborn-doll11-150x100.jpg 150w\" sizes=\"(max-width: 1400px) 100vw, 1400px\" \/> <img decoding=\"async\" class=\"aligncenter wp-image-3838 size-full\" src=\"https:\/\/www.mkreborns.com\/wp-content\/themes\/woodmart\/images\/lazy.svg\" data-src=\"https:\/\/www.mkreborns.com\/wp-content\/uploads\/2026\/03\/Shrek-reborn-doll1.jpg\" alt=\"\" width=\"1400\" height=\"933\" title=\"\" srcset=\"\" data-srcset=\"https:\/\/www.mkreborns.com\/wp-content\/uploads\/2026\/03\/Shrek-reborn-doll1.jpg 1400w, https:\/\/www.mkreborns.com\/wp-content\/uploads\/2026\/03\/Shrek-reborn-doll1-400x267.jpg 400w, https:\/\/www.mkreborns.com\/wp-content\/uploads\/2026\/03\/Shrek-reborn-doll1-1200x800.jpg 1200w, https:\/\/www.mkreborns.com\/wp-content\/uploads\/2026\/03\/Shrek-reborn-doll1-768x512.jpg 768w, https:\/\/www.mkreborns.com\/wp-content\/uploads\/2026\/03\/Shrek-reborn-doll1-18x12.jpg 18w, https:\/\/www.mkreborns.com\/wp-content\/uploads\/2026\/03\/Shrek-reborn-doll1-700x467.jpg 700w, https:\/\/www.mkreborns.com\/wp-content\/uploads\/2026\/03\/Shrek-reborn-doll1-150x100.jpg 150w\" sizes=\"(max-width: 1400px) 100vw, 1400px\" \/><\/p>","protected":false},"excerpt":{"rendered":"<p>Tato 30 cm vysok\u00e1 reborn panenka s t\u011blem o velikosti dlan\u011b v\u00e1m m\u016f\u017ee p\u0159in\u00e9st mnoho duchovn\u00edch v\u00fdhod. Kdy\u017e ji obejmete, zjist\u00edte, \u017ee v\u00e1m pom\u00e1h\u00e1 sni\u017eovat stres a negativn\u00ed emoce, kter\u00e9 v\u00e1m \u017eivot p\u0159in\u00e1\u0161\u00ed.<\/p>","protected":false},"featured_media":3840,"comment_status":"open","ping_status":"closed","template":"","meta":[],"product_brand":[],"product_cat":[158,145,155,146,154,153,157],"product_tag":[],"class_list":{"0":"post-3837","1":"product","2":"type-product","3":"status-publish","4":"has-post-thumbnail","6":"product_cat-15-inch-baby-dolls","7":"product_cat-baby-boy-reborn-dolls","8":"product_cat-cute-reborn-dolls","9":"product_cat-full-silicone-reborn-dolls","10":"product_cat-lifelike-reborn-dolls","11":"product_cat-newborn-reborn-dolls","12":"product_cat-real-life-baby-dolls","14":"first","15":"instock","16":"sale","17":"shipping-taxable","18":"purchasable","19":"product-type-simple"},"_links":{"self":[{"href":"https:\/\/www.mkreborns.com\/cs\/wp-json\/wp\/v2\/product\/3837","targetHints":{"allow":["GET"]}}],"collection":[{"href":"https:\/\/www.mkreborns.com\/cs\/wp-json\/wp\/v2\/product"}],"about":[{"href":"https:\/\/www.mkreborns.com\/cs\/wp-json\/wp\/v2\/types\/product"}],"replies":[{"embeddable":true,"href":"https:\/\/www.mkreborns.com\/cs\/wp-json\/wp\/v2\/comments?post=3837"}],"wp:featuredmedia":[{"embeddable":true,"href":"https:\/\/www.mkreborns.com\/cs\/wp-json\/wp\/v2\/media\/3840"}],"wp:attachment":[{"href":"https:\/\/www.mkreborns.com\/cs\/wp-json\/wp\/v2\/media?parent=3837"}],"wp:term":[{"taxonomy":"product_brand","embeddable":true,"href":"https:\/\/www.mkreborns.com\/cs\/wp-json\/wp\/v2\/product_brand?post=3837"},{"taxonomy":"product_cat","embeddable":true,"href":"https:\/\/www.mkreborns.com\/cs\/wp-json\/wp\/v2\/product_cat?post=3837"},{"taxonomy":"product_tag","embeddable":true,"href":"https:\/\/www.mkreborns.com\/cs\/wp-json\/wp\/v2\/product_tag?post=3837"}],"curies":[{"name":"wp","href":"https:\/\/api.w.org\/{rel}","templated":true}]}}