{"id":3298,"date":"2026-01-18T16:27:41","date_gmt":"2026-01-18T16:27:41","guid":{"rendered":"https:\/\/www.mkreborns.com\/?post_type=product&#038;p=3298"},"modified":"2026-03-15T15:32:05","modified_gmt":"2026-03-15T15:32:05","slug":"ken-full-body-silicone-reborn-doll","status":"publish","type":"product","link":"https:\/\/www.mkreborns.com\/cs\/product\/ken-full-body-silicone-reborn-doll\/","title":{"rendered":"Silikonov\u00e1 panenka Ken s cel\u00fdm t\u011blem"},"content":{"rendered":"<p>Pohled na nevinn\u00e9 a \u010dist\u00e9 chov\u00e1n\u00ed znovuzrozen\u00e9 panenky, zv\u011bdav\u00e9 pozorov\u00e1n\u00ed sv\u011bta, se m\u016f\u017ee dotknout va\u0161\u00ed nejn\u011b\u017en\u011bj\u0161\u00ed str\u00e1nky. Nechr\u00e1n\u011bn\u00e1 a naprosto d\u016fv\u011b\u0159iv\u00e1 povaha znovuzrozen\u00e9 panenky v n\u00e1s probouz\u00ed ty nejjemn\u011bj\u0161\u00ed a nejochranitel\u0161t\u011bj\u0161\u00ed instinkty.<\/p>\n<p>Nav\u00edc je reborn panenka vyroben\u00e1 v\u00fdhradn\u011b ze silikonu na cel\u00e9 t\u011blo realisti\u010dt\u011bj\u0161\u00ed, sn\u00e1ze se o ni pe\u010duje a m\u016f\u017ee v\u00e1s doprov\u00e1zet d\u00e9le. M\u016f\u017eete si s jistotou vybrat reborn panenku vyrobenou v\u00fdhradn\u011b ze silikonu jako d\u00e1rek nebo pro vlastn\u00ed pot\u0159ebu.<\/p>\n<p>&nbsp;<\/p>\n<p>Pohlav\u00ed: Chlapec<br \/>\nHmotnost: 1,4 kg<br \/>\nV\u00fd\u0161ka: 15,7 palce<br \/>\nMateri\u00e1l: Silikon<\/p>\n<p>&nbsp;<\/p>\n<div style=\"width: 1920px;\" class=\"wp-video\"><video class=\"wp-video-shortcode\" id=\"video-3298-1\" width=\"1920\" height=\"1080\" preload=\"metadata\" controls=\"controls\"><source type=\"video\/mp4\" src=\"https:\/\/www.mkreborns.com\/wp-content\/uploads\/2026\/01\/Laura-Reborn-Doll.mp4?_=1\" \/><a href=\"https:\/\/www.mkreborns.com\/wp-content\/uploads\/2026\/01\/Laura-Reborn-Doll.mp4\">https:\/\/www.mkreborns.com\/wp-content\/uploads\/2026\/01\/Laura-Reborn-Doll.mp4<\/a><\/video><\/div>\n<p><img decoding=\"async\" class=\"aligncenter wp-image-3300 size-full\" src=\"https:\/\/www.mkreborns.com\/wp-content\/themes\/woodmart\/images\/lazy.svg\" data-src=\"https:\/\/www.mkreborns.com\/wp-content\/uploads\/2026\/01\/Laura-Reborn-Doll1.jpg\" alt=\"Realistick\u00e1 silikonov\u00e1 reborn panenka pro sb\u011bratele a d\u011bti.\" width=\"1464\" height=\"600\" title=\"\" srcset=\"\" data-srcset=\"https:\/\/www.mkreborns.com\/wp-content\/uploads\/2026\/01\/Laura-Reborn-Doll1.jpg 1464w, https:\/\/www.mkreborns.com\/wp-content\/uploads\/2026\/01\/Laura-Reborn-Doll1-150x61.jpg 150w, https:\/\/www.mkreborns.com\/wp-content\/uploads\/2026\/01\/Laura-Reborn-Doll1-700x287.jpg 700w, https:\/\/www.mkreborns.com\/wp-content\/uploads\/2026\/01\/Laura-Reborn-Doll1-400x164.jpg 400w, https:\/\/www.mkreborns.com\/wp-content\/uploads\/2026\/01\/Laura-Reborn-Doll1-1300x533.jpg 1300w, https:\/\/www.mkreborns.com\/wp-content\/uploads\/2026\/01\/Laura-Reborn-Doll1-768x315.jpg 768w\" sizes=\"(max-width: 1464px) 100vw, 1464px\" \/> <img decoding=\"async\" class=\"aligncenter wp-image-3301 size-full\" src=\"https:\/\/www.mkreborns.com\/wp-content\/themes\/woodmart\/images\/lazy.svg\" data-src=\"https:\/\/www.mkreborns.com\/wp-content\/uploads\/2026\/01\/Laura-Reborn-Doll2.jpg\" alt=\"Znovuzrozen\u00e1 panenka s realistick\u00fdmi rysy, hebkou k\u016f\u017e\u00ed a detailn\u00edm zpracov\u00e1n\u00edm. Ide\u00e1ln\u00ed pro sb\u011bratele.\" width=\"1464\" height=\"600\" title=\"\" srcset=\"\" data-srcset=\"https:\/\/www.mkreborns.com\/wp-content\/uploads\/2026\/01\/Laura-Reborn-Doll2.jpg 1464w, https:\/\/www.mkreborns.com\/wp-content\/uploads\/2026\/01\/Laura-Reborn-Doll2-150x61.jpg 150w, https:\/\/www.mkreborns.com\/wp-content\/uploads\/2026\/01\/Laura-Reborn-Doll2-700x287.jpg 700w, https:\/\/www.mkreborns.com\/wp-content\/uploads\/2026\/01\/Laura-Reborn-Doll2-400x164.jpg 400w, https:\/\/www.mkreborns.com\/wp-content\/uploads\/2026\/01\/Laura-Reborn-Doll2-1300x533.jpg 1300w, https:\/\/www.mkreborns.com\/wp-content\/uploads\/2026\/01\/Laura-Reborn-Doll2-768x315.jpg 768w\" sizes=\"(max-width: 1464px) 100vw, 1464px\" \/> <img decoding=\"async\" class=\"aligncenter wp-image-3302 size-full\" src=\"https:\/\/www.mkreborns.com\/wp-content\/themes\/woodmart\/images\/lazy.svg\" data-src=\"https:\/\/www.mkreborns.com\/wp-content\/uploads\/2026\/01\/Laura-Reborn-Doll3.jpg\" alt=\"Silikonov\u00e1 reborn panenka pro chlapce, realistick\u00e9 novorozen\u00e9 miminko s otev\u0159en\u00fdma o\u010dima, velikost 39 cm, v\u00e1\u017e\u00ed 1,4 kg.\" width=\"1464\" height=\"600\" title=\"\" srcset=\"\" data-srcset=\"https:\/\/www.mkreborns.com\/wp-content\/uploads\/2026\/01\/Laura-Reborn-Doll3.jpg 1464w, https:\/\/www.mkreborns.com\/wp-content\/uploads\/2026\/01\/Laura-Reborn-Doll3-150x61.jpg 150w, https:\/\/www.mkreborns.com\/wp-content\/uploads\/2026\/01\/Laura-Reborn-Doll3-700x287.jpg 700w, https:\/\/www.mkreborns.com\/wp-content\/uploads\/2026\/01\/Laura-Reborn-Doll3-400x164.jpg 400w, https:\/\/www.mkreborns.com\/wp-content\/uploads\/2026\/01\/Laura-Reborn-Doll3-1300x533.jpg 1300w, https:\/\/www.mkreborns.com\/wp-content\/uploads\/2026\/01\/Laura-Reborn-Doll3-768x315.jpg 768w\" sizes=\"(max-width: 1464px) 100vw, 1464px\" \/> <img decoding=\"async\" class=\"aligncenter wp-image-3303 size-full\" src=\"https:\/\/www.mkreborns.com\/wp-content\/themes\/woodmart\/images\/lazy.svg\" data-src=\"https:\/\/www.mkreborns.com\/wp-content\/uploads\/2026\/01\/Laura-Reborn-Doll4.jpg\" alt=\"Silikonov\u00e1 reborn panenka Kena s cel\u00fdm t\u011blem pro realistick\u00e9 hran\u00ed a vystaven\u00ed.\" width=\"1464\" height=\"600\" title=\"\" srcset=\"\" data-srcset=\"https:\/\/www.mkreborns.com\/wp-content\/uploads\/2026\/01\/Laura-Reborn-Doll4.jpg 1464w, https:\/\/www.mkreborns.com\/wp-content\/uploads\/2026\/01\/Laura-Reborn-Doll4-150x61.jpg 150w, https:\/\/www.mkreborns.com\/wp-content\/uploads\/2026\/01\/Laura-Reborn-Doll4-700x287.jpg 700w, https:\/\/www.mkreborns.com\/wp-content\/uploads\/2026\/01\/Laura-Reborn-Doll4-400x164.jpg 400w, https:\/\/www.mkreborns.com\/wp-content\/uploads\/2026\/01\/Laura-Reborn-Doll4-1300x533.jpg 1300w, https:\/\/www.mkreborns.com\/wp-content\/uploads\/2026\/01\/Laura-Reborn-Doll4-768x315.jpg 768w\" sizes=\"(max-width: 1464px) 100vw, 1464px\" \/> <img decoding=\"async\" class=\"aligncenter wp-image-3304 size-full\" src=\"https:\/\/www.mkreborns.com\/wp-content\/themes\/woodmart\/images\/lazy.svg\" data-src=\"https:\/\/www.mkreborns.com\/wp-content\/uploads\/2026\/01\/Laura-Reborn-Doll5.jpg\" alt=\"Znovuzrozen\u00e1 panenka Kena z celot\u011blov\u00e9ho silikonu, realistick\u00e1 a ru\u010dn\u011b vyroben\u00e1 pro sb\u011bratele a nad\u0161ence.\" width=\"1464\" height=\"600\" title=\"\" srcset=\"\" data-srcset=\"https:\/\/www.mkreborns.com\/wp-content\/uploads\/2026\/01\/Laura-Reborn-Doll5.jpg 1464w, https:\/\/www.mkreborns.com\/wp-content\/uploads\/2026\/01\/Laura-Reborn-Doll5-150x61.jpg 150w, https:\/\/www.mkreborns.com\/wp-content\/uploads\/2026\/01\/Laura-Reborn-Doll5-700x287.jpg 700w, https:\/\/www.mkreborns.com\/wp-content\/uploads\/2026\/01\/Laura-Reborn-Doll5-400x164.jpg 400w, https:\/\/www.mkreborns.com\/wp-content\/uploads\/2026\/01\/Laura-Reborn-Doll5-1300x533.jpg 1300w, https:\/\/www.mkreborns.com\/wp-content\/uploads\/2026\/01\/Laura-Reborn-Doll5-768x315.jpg 768w\" sizes=\"(max-width: 1464px) 100vw, 1464px\" \/><\/p>","protected":false},"excerpt":{"rendered":"<p>Pokud tr\u00e1v\u00edte \u010das s rodinou jen z\u0159\u00eddka, m\u016f\u017ee b\u00fdt panenka rebirth skv\u011bl\u00fdm d\u00e1rkem pro va\u0161e p\u0159\u00e1tele nebo rodinu, co\u017e z n\u00ed \u010din\u00ed promy\u0161len\u00fd d\u00e1rek.<\/p>","protected":false},"featured_media":3316,"comment_status":"open","ping_status":"closed","template":"","meta":[],"product_brand":[],"product_cat":[145,158,146,153],"product_tag":[],"class_list":{"0":"post-3298","1":"product","2":"type-product","3":"status-publish","4":"has-post-thumbnail","6":"product_cat-baby-boy-reborn-dolls","7":"product_cat-15-inch-baby-dolls","8":"product_cat-full-silicone-reborn-dolls","9":"product_cat-newborn-reborn-dolls","11":"first","12":"instock","13":"sale","14":"shipping-taxable","15":"purchasable","16":"product-type-simple"},"_links":{"self":[{"href":"https:\/\/www.mkreborns.com\/cs\/wp-json\/wp\/v2\/product\/3298","targetHints":{"allow":["GET"]}}],"collection":[{"href":"https:\/\/www.mkreborns.com\/cs\/wp-json\/wp\/v2\/product"}],"about":[{"href":"https:\/\/www.mkreborns.com\/cs\/wp-json\/wp\/v2\/types\/product"}],"replies":[{"embeddable":true,"href":"https:\/\/www.mkreborns.com\/cs\/wp-json\/wp\/v2\/comments?post=3298"}],"wp:featuredmedia":[{"embeddable":true,"href":"https:\/\/www.mkreborns.com\/cs\/wp-json\/wp\/v2\/media\/3316"}],"wp:attachment":[{"href":"https:\/\/www.mkreborns.com\/cs\/wp-json\/wp\/v2\/media?parent=3298"}],"wp:term":[{"taxonomy":"product_brand","embeddable":true,"href":"https:\/\/www.mkreborns.com\/cs\/wp-json\/wp\/v2\/product_brand?post=3298"},{"taxonomy":"product_cat","embeddable":true,"href":"https:\/\/www.mkreborns.com\/cs\/wp-json\/wp\/v2\/product_cat?post=3298"},{"taxonomy":"product_tag","embeddable":true,"href":"https:\/\/www.mkreborns.com\/cs\/wp-json\/wp\/v2\/product_tag?post=3298"}],"curies":[{"name":"wp","href":"https:\/\/api.w.org\/{rel}","templated":true}]}}