{"id":3458,"date":"2026-01-21T15:19:57","date_gmt":"2026-01-21T15:19:57","guid":{"rendered":"https:\/\/www.mkreborns.com\/?page_id=3458"},"modified":"2026-01-22T14:02:09","modified_gmt":"2026-01-22T14:02:09","slug":"payment-methods","status":"publish","type":"page","link":"https:\/\/www.mkreborns.com\/cs\/payment-methods\/","title":{"rendered":"Platebn\u00ed metody"},"content":{"rendered":"<div>Na <strong>Mk Reborns<\/strong>, up\u0159ednost\u0148ujeme bezpe\u010dnost transakc\u00ed, diskr\u00e9tnost a pohodl\u00ed.<br \/>\nAbychom zajistili bezprobl\u00e9mov\u00fd proces platby, podporujeme n\u011bkolik celosv\u011btov\u011b uzn\u00e1van\u00fdch platebn\u00edch \u0159e\u0161en\u00ed, v\u0161echna zpracov\u00e1van\u00e1 prost\u0159ednictv\u00edm \u0161ifrovan\u00fdch a kompatibiln\u00edch platebn\u00edch bran.<\/div>\n<hr \/>\n<h2>PayPal<\/h2>\n<div>PayPal pat\u0159\u00ed mezi nejzaveden\u011bj\u0161\u00ed a nejd\u016fv\u011bryhodn\u011bj\u0161\u00ed ekosyst\u00e9my digit\u00e1ln\u00edch plateb na sv\u011bt\u011b.<\/div>\n<div>Prost\u0159ednictv\u00edm slu\u017eby PayPal akceptujeme \u0161irokou \u0161k\u00e1lu finan\u010dn\u00edch zdroj\u016f, v\u010detn\u011b:<\/div>\n<ul>\n<li>V\u00edzum<\/li>\n<li>MasterCard<\/li>\n<li>American Express<\/li>\n<li>Objevit<\/li>\n<li>Propojen\u00e9 bankovn\u00ed \u00fa\u010dty<\/li>\n<\/ul>\n<div>Pokud m\u00e1te aktivn\u00ed \u00fa\u010det PayPal, m\u016f\u017eete n\u00e1kup dokon\u010dit pomoc\u00ed z\u016fstatku na \u00fa\u010dtu PayPal, ulo\u017een\u00fdch kreditn\u00edch nebo debetn\u00edch karet nebo p\u0159idru\u017een\u00e9ho bankovn\u00edho \u00fa\u010dtu \u2013 bez nutnosti op\u011btovn\u00e9ho zad\u00e1v\u00e1n\u00ed citliv\u00fdch finan\u010dn\u00edch \u00fadaj\u016f.<\/div>\n<h3>Mohu pou\u017e\u00edvat PayPal bez vytvo\u0159en\u00ed \u00fa\u010dtu?<\/h3>\n<div>Ano.<br \/>\nPo odesl\u00e1n\u00ed objedn\u00e1vky budete p\u0159esm\u011brov\u00e1ni na zabezpe\u010den\u00e9 platebn\u00ed rozhran\u00ed PayPal.<br \/>\nPokud si nechcete zalo\u017eit \u00fa\u010det PayPal, jednodu\u0161e vyberte mo\u017enost \u201cPlatba debetn\u00ed nebo kreditn\u00ed kartou\u201d (nebo \u201cNem\u00e1m \u00fa\u010det PayPal\u201d) a pokra\u010dujte jako host zad\u00e1n\u00edm \u00fadaj\u016f o kart\u011b p\u0159\u00edmo.<\/div>\n<div>Pro platbu hosta nen\u00ed vy\u017eadov\u00e1n \u00fa\u010det PayPal.<\/div>\n<hr \/>\n<h2>Kreditn\u00ed a debetn\u00ed karty<\/h2>\n<div>P\u0159ij\u00edm\u00e1me v\u0161echny hlavn\u00ed mezin\u00e1rodn\u00ed kreditn\u00ed a debetn\u00ed karty, v\u010detn\u011b:<\/div>\n<ul>\n<li>V\u00edzum<\/li>\n<li>MasterCard<\/li>\n<li>American Express<\/li>\n<li>Objevit<\/li>\n<\/ul>\n<div>V\u0161echny platby kartou jsou zpracov\u00e1v\u00e1ny prost\u0159ednictv\u00edm platebn\u00edch bran certifikovan\u00fdch v oboru a chr\u00e1n\u011bny 256bitov\u00fdm SSL \u0161ifrov\u00e1n\u00edm, v kombinaci s 3D Secure ov\u011b\u0159ov\u00e1n\u00edm, kde je to relevantn\u00ed.<\/div>\n<div>Informace o va\u0161\u00ed kart\u011b nejsou nikdy ulo\u017eeny na na\u0161ich serverech.<\/div>\n<h2>Pro\u010d byla moje platba kartou odm\u00edtnuta?<\/h2>\n<div>K odm\u00edtnut\u00ed transakce m\u016f\u017ee doj\u00edt z n\u011bkolika d\u016fvod\u016f, mimo jin\u00e9 v\u010detn\u011b:<\/div>\n<ul>\n<li>Nespr\u00e1vn\u00e9 \u010d\u00edslo karty, datum platnosti nebo k\u00f3d CVV<\/li>\n<li>Nedostate\u010dn\u00fd dostupn\u00fd z\u016fstatek<\/li>\n<li>P\u0159ekro\u010deny denn\u00ed nebo transak\u010dn\u00ed limity stanoven\u00e9 va\u0161\u00ed vyd\u00e1vaj\u00edc\u00ed bankou<\/li>\n<li>Online nebo mezin\u00e1rodn\u00ed transakce jsou omezeny va\u0161\u00ed bankou<\/li>\n<\/ul>\n<h3>Jak vy\u0159e\u0161it probl\u00e9my s platbou kartou<\/h3>\n<ul>\n<li><strong>Ov\u011b\u0159te \u00fadaje o sv\u00e9 kart\u011b<\/strong><br \/>\nZkontrolujte si \u010d\u00edslo karty, datum platnosti, CVV k\u00f3d a faktura\u010dn\u00ed adresu.<\/li>\n<li><strong>Kontaktujte svou banku<\/strong><br \/>\nPo\u017e\u00e1dejte o autorizaci transakce nebo o odstran\u011bn\u00ed omezen\u00ed online\/p\u0159eshrani\u010dn\u00edch plateb.<\/li>\n<li><strong>Zkuste alternativn\u00ed kartu<\/strong><br \/>\nPou\u017eit\u00ed jin\u00e9 kreditn\u00ed nebo debetn\u00ed karty \u010dasto probl\u00e9m okam\u017eit\u011b vy\u0159e\u0161\u00ed.<\/li>\n<\/ul>\n<hr \/>\n<h2>Bezpe\u010dnostn\u00ed z\u00e1ruka<\/h2>\n<div>\ud83d\udd12 Ozn\u00e1men\u00ed o bezpe\u010dnosti plateb<\/div>\n<div>V\u0161echny transakce na Mk Reborns jsou \u0161ifrov\u00e1ny od za\u010d\u00e1tku do konce a zpracov\u00e1v\u00e1ny prost\u0159ednictv\u00edm zabezpe\u010den\u00fdch platebn\u00edch infrastruktur kompatibiln\u00edch s PCI.<\/div>\n<div>V \u017e\u00e1dn\u00e9 f\u00e1zi transakce neuchov\u00e1v\u00e1me ani nem\u00e1me p\u0159\u00edstup k va\u0161im \u00fapln\u00fdm platebn\u00edm \u00fadaj\u016fm, co\u017e zaji\u0161\u0165uje, \u017ee va\u0161e osobn\u00ed a finan\u010dn\u00ed \u00fadaje z\u016fstanou v\u017edy d\u016fv\u011brn\u00e9 a chr\u00e1n\u011bn\u00e9.<\/div>","protected":false},"excerpt":{"rendered":"<p>V Mk Reborns klademe d\u016fraz na bezpe\u010dnost transakc\u00ed, diskr\u00e9tnost a pohodl\u00ed. Abychom zajistili bezprobl\u00e9mov\u00fd proces placen\u00ed, podporujeme n\u011bkolik platebn\u00edch termin\u00e1l\u016f po cel\u00e9m sv\u011bt\u011b.<\/p>","protected":false},"author":1,"featured_media":0,"parent":0,"menu_order":0,"comment_status":"closed","ping_status":"closed","template":"","meta":{"footnotes":""},"class_list":["post-3458","page","type-page","status-publish","hentry"],"_links":{"self":[{"href":"https:\/\/www.mkreborns.com\/cs\/wp-json\/wp\/v2\/pages\/3458","targetHints":{"allow":["GET"]}}],"collection":[{"href":"https:\/\/www.mkreborns.com\/cs\/wp-json\/wp\/v2\/pages"}],"about":[{"href":"https:\/\/www.mkreborns.com\/cs\/wp-json\/wp\/v2\/types\/page"}],"author":[{"embeddable":true,"href":"https:\/\/www.mkreborns.com\/cs\/wp-json\/wp\/v2\/users\/1"}],"replies":[{"embeddable":true,"href":"https:\/\/www.mkreborns.com\/cs\/wp-json\/wp\/v2\/comments?post=3458"}],"version-history":[{"count":0,"href":"https:\/\/www.mkreborns.com\/cs\/wp-json\/wp\/v2\/pages\/3458\/revisions"}],"wp:attachment":[{"href":"https:\/\/www.mkreborns.com\/cs\/wp-json\/wp\/v2\/media?parent=3458"}],"curies":[{"name":"wp","href":"https:\/\/api.w.org\/{rel}","templated":true}]}}