{"id":3454,"date":"2026-01-21T15:16:46","date_gmt":"2026-01-21T15:16:46","guid":{"rendered":"https:\/\/www.mkreborns.com\/?page_id=3454"},"modified":"2026-01-28T02:26:13","modified_gmt":"2026-01-28T02:26:13","slug":"shipping-policy","status":"publish","type":"page","link":"https:\/\/www.mkreborns.com\/cs\/shipping-policy\/","title":{"rendered":"Z\u00e1sady dopravy"},"content":{"rendered":"<div>D\u011bkujeme, \u017ee jste si vybrali Mk Reborns. Va\u0161e objedn\u00e1vka byla pe\u010dliv\u011b p\u0159ipravena a odesl\u00e1na efektivn\u011b a diskr\u00e9tn\u011b.<\/div>\n<hr \/>\n<h2>Doprava zdarma po cel\u00e9m sv\u011bt\u011b<\/h2>\n<div>Nab\u00edz\u00edme bezplatnou dopravu ze strategicky um\u00edst\u011bn\u00fdch z\u00e1mo\u0159sk\u00fdch sklad\u016f ve Spojen\u00fdch st\u00e1tech, Evrop\u011b, Kanad\u011b, Velk\u00e9 Brit\u00e1nii a Austr\u00e1lii.<br \/>\nPokud je zbo\u017e\u00ed skladem, je odes\u00edl\u00e1no z nejbli\u017e\u0161\u00ed pobo\u010dky, aby bylo zaji\u0161t\u011bno rychlej\u0161\u00ed doru\u010den\u00ed.<\/div>\n<hr \/>\n<h2>Odhadovan\u00e1 dodac\u00ed lh\u016fta (skladem)<\/h2>\n<div>\n<table border=\"1\" data-coda-grid-id=\"grid-O7-V0P1M6p\" data-coda-display-column-id=\"c-gzvnCsHVXd\" data-coda-view-config-inheritsdefaultformat=\"false\" data-coda-view-config-tablesearch=\"&quot;AlwaysShow&quot;\" data-coda-grid-configuration-set=\"SimpleTable\">\n<tbody>\n<tr>\n<td>Los Angeles, USA<\/td>\n<td>\n<div>Spojen\u00e9 st\u00e1ty (Alja\u0161ka a Havaj vy\u017eaduj\u00ed p\u0159\u00edplatek p\u0159ibli\u017en\u011b 100 USD)<\/div>\n<\/td>\n<td>3\u20135 pracovn\u00edch dn\u016f<\/td>\n<\/tr>\n<tr>\n<td>Sklady v EU (N\u011bmecko \/ Polsko)<\/td>\n<td>V\u011bt\u0161ina zem\u00ed EU a vybran\u00e9 zem\u011b EHP<\/td>\n<td>3\u201310 pracovn\u00edch dn\u016f<\/td>\n<\/tr>\n<tr>\n<td>Vancouver<\/td>\n<td>Kanada<\/td>\n<td>3\u20135 pracovn\u00edch dn\u016f<\/td>\n<\/tr>\n<tr>\n<td>Sydney<\/td>\n<td>Austr\u00e1lie<\/td>\n<td>3\u20137 pracovn\u00edch dn\u016f<\/td>\n<\/tr>\n<tr>\n<td>Spojen\u00e9 kr\u00e1lovstv\u00ed<\/td>\n<td>Spojen\u00e9 kr\u00e1lovstv\u00ed<\/td>\n<td>3\u20137 pracovn\u00edch dn\u016f<\/td>\n<\/tr>\n<\/tbody>\n<\/table>\n<\/div>\n<div>Pozn\u00e1mka: V\u011bt\u0161ina objedn\u00e1vek je zpracov\u00e1na a odesl\u00e1na do 48 hodin. Pr\u016fm\u011brn\u00e1 dodac\u00ed lh\u016fta je 3\u20135 pracovn\u00edch dn\u016f, s v\u00fdjimkou v\u00fdjime\u010dn\u00fdch okolnost\u00ed.<\/div>\n<hr \/>\n<h2>Cla a poplatky<\/h2>\n<div>Pokud nejsou m\u00edstn\u00ed z\u00e1soby k dispozici, m\u016f\u017ee b\u00fdt zbo\u017e\u00ed odesl\u00e1no z jin\u00e9 zem\u011b.<br \/>\nV omezen\u00fdch p\u0159\u00edpadech mohou b\u00fdt p\u0159\u00edjemci po\u017e\u00e1d\u00e1ni o pomoc s celn\u00edm odbaven\u00edm nebo dovozn\u00edmi cly.<\/div>\n<div>V p\u0159\u00edpad\u011b Norska, \u0160v\u00fdcarska, Islandu a Mexika je celn\u00ed odbaven\u00ed a p\u0159\u00edslu\u0161n\u00e9 dan\u011b v\u00fdhradn\u00ed odpov\u011bdnost\u00ed p\u0159\u00edjemce.<\/div>\n<hr \/>\n<h2>Sledov\u00e1n\u00ed objedn\u00e1vky<\/h2>\n<div>Po odesl\u00e1n\u00ed bude odesl\u00e1n potvrzovac\u00ed e-mail s \u00fadaji pro sledov\u00e1n\u00ed.<br \/>\nAktualizace informac\u00ed o sledov\u00e1n\u00ed m\u016f\u017ee trvat a\u017e 48 hodin.<\/div>\n<hr \/>\n<h2>Rozd\u011blen\u00e9 z\u00e1silky<\/h2>\n<div>Objedn\u00e1vky obsahuj\u00edc\u00ed v\u00edce polo\u017eek mohou dorazit v samostatn\u00fdch bal\u00ed\u010dc\u00edch.<br \/>\nPokud \u010d\u00e1st va\u0161\u00ed objedn\u00e1vky doraz\u00ed d\u0159\u00edve, zb\u00fdvaj\u00edc\u00ed polo\u017eky jsou st\u00e1le na cest\u011b.<\/div>\n<hr \/>\n<h2>Probl\u00e9my s doru\u010den\u00edm<\/h2>\n<ul>\n<li>Ozna\u010deno jako doru\u010den\u00e9, ale nedoru\u010den\u00e9: Okam\u017eit\u011b kontaktujte kur\u00fdra a napi\u0161te mu e-mail <a href=\"http:\/\/\">support@mkreborns.com<\/a>.<\/li>\n<li>Po\u0161kozen\u00e9 p\u0159edm\u011bty: Zdokumentujte po\u0161kozen\u00ed pomoc\u00ed jasn\u00fdch fotografi\u00ed nebo vide\u00ed a pot\u00e9 podejte reklamaci kur\u00fdrovi.<\/li>\n<li>Nespr\u00e1vn\u00e9 polo\u017eky: Pros\u00edm, poskytn\u011bte fotografick\u00e9 a video d\u016fkazy a n\u00e1\u0161 t\u00fdm z\u00e1kaznick\u00fdch slu\u017eeb probl\u00e9m co nejd\u0159\u00edve vy\u0159e\u0161\u00ed.<\/li>\n<\/ul>\n<hr \/>\n<h2>Vr\u00e1cen\u00ed a v\u00fdm\u011bna zbo\u017e\u00ed<\/h2>\n<div>Kontaktujte pros\u00edm <a href=\"http:\/\/\">support@mkreborns.com<\/a> p\u0159ed zah\u00e1jen\u00edm jak\u00e9hokoli vr\u00e1cen\u00ed.<br \/>\nNeopr\u00e1vn\u011bn\u00e9 vr\u00e1cen\u00ed nebo odm\u00edtnut\u00e9 dod\u00e1vky nebudou akceptov\u00e1ny.<\/div>\n<div>Zbo\u017e\u00ed mus\u00ed z\u016fstat nepou\u017eit\u00e9 a s neotev\u0159en\u00fdm vnit\u0159n\u00edm ochrann\u00fdm obalem.<br \/>\nPodrobn\u00e9 podm\u00ednky naleznete v na\u0161ich \u00fapln\u00fdch Z\u00e1sad\u00e1ch vr\u00e1cen\u00ed zbo\u017e\u00ed.<\/div>","protected":false},"excerpt":{"rendered":"<p>D\u011bkujeme, \u017ee jste si vybrali Mk Reborns. Va\u0161e objedn\u00e1vka byla pe\u010dliv\u011b p\u0159ipravena a odesl\u00e1na efektivn\u011b a diskr\u00e9tn\u011b. Doprava zdarma po cel\u00e9m sv\u011bt\u011b.<\/p>","protected":false},"author":1,"featured_media":0,"parent":0,"menu_order":0,"comment_status":"closed","ping_status":"closed","template":"","meta":{"footnotes":""},"class_list":["post-3454","page","type-page","status-publish","hentry"],"_links":{"self":[{"href":"https:\/\/www.mkreborns.com\/cs\/wp-json\/wp\/v2\/pages\/3454","targetHints":{"allow":["GET"]}}],"collection":[{"href":"https:\/\/www.mkreborns.com\/cs\/wp-json\/wp\/v2\/pages"}],"about":[{"href":"https:\/\/www.mkreborns.com\/cs\/wp-json\/wp\/v2\/types\/page"}],"author":[{"embeddable":true,"href":"https:\/\/www.mkreborns.com\/cs\/wp-json\/wp\/v2\/users\/1"}],"replies":[{"embeddable":true,"href":"https:\/\/www.mkreborns.com\/cs\/wp-json\/wp\/v2\/comments?post=3454"}],"version-history":[{"count":0,"href":"https:\/\/www.mkreborns.com\/cs\/wp-json\/wp\/v2\/pages\/3454\/revisions"}],"wp:attachment":[{"href":"https:\/\/www.mkreborns.com\/cs\/wp-json\/wp\/v2\/media?parent=3454"}],"curies":[{"name":"wp","href":"https:\/\/api.w.org\/{rel}","templated":true}]}}