{"id":3449,"date":"2026-01-20T14:40:52","date_gmt":"2026-01-20T14:40:52","guid":{"rendered":"https:\/\/www.mkreborns.com\/?page_id=3449"},"modified":"2026-01-28T02:03:34","modified_gmt":"2026-01-28T02:03:34","slug":"terms-conditions","status":"publish","type":"page","link":"https:\/\/www.mkreborns.com\/cs\/terms-conditions\/","title":{"rendered":"Obchodn\u00ed podm\u00ednky"},"content":{"rendered":"<h2 class=\"wp-block-heading\">1. \u00davod<\/h2>\r\n\r\n\r\n\r\n<p>Tyto Smluvn\u00ed podm\u00ednky (\u201cPodm\u00ednky\u201d) upravuj\u00ed v\u00e1\u0161 p\u0159\u00edstup k <strong>mkreborns.com<\/strong> (\u201cwebov\u00e9 str\u00e1nky\u201d), digit\u00e1ln\u00ed objekt provozovan\u00fd spole\u010dnost\u00ed <strong>Mk Reborns<\/strong> (\u201cmy\u201d, \u201cn\u00e1s\u201d, \u201cna\u0161e\u201d).<\/p>\r\n\r\n\r\n\r\n<p>Aby se p\u0159ede\u0161lo pochybnostem, jak\u00fdkoli odkaz na \u201cvy\u201d, \u201cv\u00e1\u0161\u201d nebo \u201cz\u00e1kazn\u00edk\u201d v tomto dokumentu znamen\u00e1 jakoukoli osobu nebo subjekt, kter\u00fd si zakoup\u00ed produkty od Mk Reborns prost\u0159ednictv\u00edm t\u011bchto webov\u00fdch str\u00e1nek.<\/p>\r\n\r\n\r\n\r\n<p>Va\u0161e z\u00e1konn\u00e1 spot\u0159ebitelsk\u00e1 pr\u00e1va z\u016fst\u00e1vaj\u00ed nedot\u010dena.<\/p>\r\n\r\n\r\n\r\n<p>P\u0159\u00edstupem, prohl\u00ed\u017een\u00edm nebo zad\u00e1n\u00edm objedn\u00e1vky prost\u0159ednictv\u00edm t\u011bchto webov\u00fdch str\u00e1nek potvrzujete, \u017ee jste si p\u0159e\u010detli, porozum\u011bli a souhlas\u00edte s t\u00edm, \u017ee budete pr\u00e1vn\u011b v\u00e1z\u00e1ni t\u011bmito Podm\u00ednkami, spolu s na\u0161imi <strong>Z\u00e1sady ochrany osobn\u00edch \u00fadaj\u016f<\/strong>, <strong>Z\u00e1sady vr\u00e1cen\u00ed zbo\u017e\u00ed<\/strong>, a <strong>Z\u00e1sady dopravy<\/strong>, kter\u00e9 dohromady tvo\u0159\u00ed \u00faplnou dohodu mezi v\u00e1mi a Mk Reborns.<\/p>\r\n\r\n\r\n\r\n<p>Pokud tyto Podm\u00ednky v pln\u00e9m rozsahu nep\u0159ijmete, nesm\u00edte prost\u0159ednictv\u00edm t\u011bchto webov\u00fdch str\u00e1nek zadat objedn\u00e1vku.<\/p>\r\n\r\n\r\n<hr class=\"wp-block-separator has-alpha-channel-opacity\" \/>\r\n\r\n\r\n<h2 class=\"wp-block-heading\">2. Zm\u011bny t\u011bchto podm\u00ednek<\/h2>\r\n\r\n\r\n\r\n<p>Mk Reborns si vyhrazuje pr\u00e1vo kdykoli bez p\u0159edchoz\u00edho upozorn\u011bn\u00ed tyto Podm\u00ednky revidovat, m\u011bnit nebo nahradit.<br \/>Na danou transakci se vztahuj\u00ed Podm\u00ednky platn\u00e9 v dob\u011b odesl\u00e1n\u00ed objedn\u00e1vky.<\/p>\r\n\r\n\r\n\r\n<p>Doporu\u010duje se, abyste si tyto Podm\u00ednky p\u0159e\u010detli p\u0159ed ka\u017ed\u00fdm n\u00e1kupem.<\/p>\r\n\r\n\r\n<hr class=\"wp-block-separator has-alpha-channel-opacity\" \/>\r\n\r\n\r\n<h2 class=\"wp-block-heading\">3. Po\u017eadavek z\u00e1konn\u00e9ho v\u011bku<\/h2>\r\n\r\n\r\n\r\n<p>Odesl\u00e1n\u00edm objedn\u00e1vky na t\u011bchto webov\u00fdch str\u00e1nk\u00e1ch prohla\u0161ujete a zaru\u010dujete, \u017ee jste plnolet\u00fd\/\u00e1 k n\u00e1kupu nab\u00edzen\u00fdch produkt\u016f.<\/p>\r\n\r\n\r\n\r\n<p>Pokud se d\u016fvodn\u011b domn\u00edv\u00e1me, \u017ee objedn\u00e1vku zadala osoba, kter\u00e1 nespl\u0148uje z\u00e1konem stanoven\u00fd v\u011bk, vyhrazujeme si pr\u00e1vo takovou objedn\u00e1vku zru\u0161it bez jak\u00e9koli odpov\u011bdnosti.<\/p>\r\n\r\n\r\n<hr class=\"wp-block-separator has-alpha-channel-opacity\" \/>\r\n\r\n\r\n<h2 class=\"wp-block-heading\">4. Uzav\u0159en\u00ed smlouvy<\/h2>\r\n\r\n\r\n\r\n<p>Ve\u0161ker\u00e9 objedn\u00e1vky odeslan\u00e9 prost\u0159ednictv\u00edm t\u011bchto webov\u00fdch str\u00e1nek podl\u00e9haj\u00ed schv\u00e1len\u00ed spole\u010dnost\u00ed Mk Reborns a dostupnosti produkt\u016f.<\/p>\r\n\r\n\r\n\r\n<p>Vyhrazujeme si absolutn\u00ed pr\u00e1vo odm\u00edtnout nebo zru\u0161it jakoukoli objedn\u00e1vku z jak\u00e9hokoli d\u016fvodu, v\u010detn\u011b, ale nikoli v\u00fdhradn\u011b, omezen\u00ed z\u00e1sob, nep\u0159esnost\u00ed v cen\u00e1ch nebo podez\u0159en\u00ed z podvodn\u00e9 \u010dinnosti.<\/p>\r\n\r\n\r\n\r\n<p>Z\u00e1vazn\u00e1 smlouva se pova\u017euje za uzav\u0159enou a\u017e v okam\u017eiku, kdy Mk Reborns ode\u0161le objednan\u00e9 zbo\u017e\u00ed a za\u0161le e-mail s potvrzen\u00edm odesl\u00e1n\u00ed.<\/p>\r\n\r\n\r\n<hr class=\"wp-block-separator has-alpha-channel-opacity\" \/>\r\n\r\n\r\n<h2 class=\"wp-block-heading\">5. Stanoven\u00ed ceny a p\u0159esnost<\/h2>\r\n\r\n\r\n\r\n<p>P\u0159esto\u017ee se sna\u017e\u00edme zajistit, aby v\u0161echny zobrazen\u00e9 ceny byly v dob\u011b zve\u0159ejn\u011bn\u00ed p\u0159esn\u00e9, vyhrazujeme si pr\u00e1vo je kdykoli zm\u011bnit.<\/p>\r\n\r\n\r\n\r\n<p>Pokud by \u00faprava ceny podstatn\u011b ovlivnila va\u0161i objedn\u00e1vku, budete p\u0159ed odesl\u00e1n\u00edm informov\u00e1ni.<\/p>\r\n\r\n\r\n<hr class=\"wp-block-separator has-alpha-channel-opacity\" \/>\r\n\r\n\r\n<h2 class=\"wp-block-heading\">6. Pr\u00e1vo na zru\u0161en\u00ed smlouvy (spot\u0159ebitel\u00e9 z EU a Spojen\u00e9ho kr\u00e1lovstv\u00ed)<\/h2>\r\n\r\n\r\n\r\n<p>Pokud jste spot\u0159ebitel se s\u00eddlem v Evropsk\u00e9 unii nebo Spojen\u00e9m kr\u00e1lovstv\u00ed, m\u00e1te pr\u00e1vo zru\u0161it svou objedn\u00e1vku do \u010dtrn\u00e1cti (14) pracovn\u00edch dn\u016f od doru\u010den\u00ed zbo\u017e\u00ed v souladu s platn\u00fdmi pr\u00e1vn\u00edmi p\u0159edpisy na ochranu spot\u0159ebitele.<\/p>\r\n\r\n\r\n\r\n<p>Vr\u00e1cen\u00ed pen\u011bz po zru\u0161en\u00ed bude zpracov\u00e1no v souladu s va\u0161imi z\u00e1konn\u00fdmi pr\u00e1vy.<\/p>\r\n\r\n\r\n\r\n<p>N\u00e1rok na vr\u00e1cen\u00ed zbo\u017e\u00ed a postupy se mohou v jednotliv\u00fdch regionech li\u0161it. Viz na\u0161e <strong>Z\u00e1sady vr\u00e1cen\u00ed zbo\u017e\u00ed<\/strong> pro podrobnosti.<\/p>\r\n\r\n\r\n<hr class=\"wp-block-separator has-alpha-channel-opacity\" \/>\r\n\r\n\r\n<h2 class=\"wp-block-heading\">7. Marketingov\u00e1 komunikace<\/h2>\r\n\r\n\r\n\r\n<p>Informace t\u00fdkaj\u00edc\u00ed se e-mailov\u00e9 komunikace a propaga\u010dn\u00edch sd\u011blen\u00ed jsou podrobn\u011b uvedeny v na\u0161ich <strong>Z\u00e1sady ochrany osobn\u00edch \u00fadaj\u016f<\/strong>.<\/p>\r\n\r\n\r\n\r\n<p>Poskytnut\u00edm sv\u00fdch kontaktn\u00edch \u00fadaj\u016f souhlas\u00edte se zas\u00edl\u00e1n\u00edm komunikace v souladu s t\u011bmito z\u00e1sadami.<\/p>\r\n\r\n\r\n<hr class=\"wp-block-separator has-alpha-channel-opacity\" \/>\r\n\r\n\r\n<h2 class=\"wp-block-heading\">8. Ochrana soukrom\u00ed a osobn\u00edch \u00fadaj\u016f<\/h2>\r\n\r\n\r\n\r\n<p>N\u00e1\u0161 <strong>Z\u00e1sady ochrany osobn\u00edch \u00fadaj\u016f<\/strong> vysv\u011btluje, jak jsou osobn\u00ed \u00fadaje shroma\u017e\u010fov\u00e1ny, zpracov\u00e1v\u00e1ny, ukl\u00e1d\u00e1ny, sd\u00edleny a uchov\u00e1v\u00e1ny.<\/p>\r\n\r\n\r\n\r\n<p>Zav\u00e1d\u00edme komer\u010dn\u011b p\u0159im\u011b\u0159en\u00e1 ochrann\u00e1 opat\u0159en\u00ed k zaji\u0161t\u011bn\u00ed bezpe\u010dnosti dat a dodr\u017eov\u00e1n\u00ed platn\u00fdch z\u00e1kon\u016f na ochranu osobn\u00edch \u00fadaj\u016f ve va\u0161\u00ed jurisdikci.<\/p>\r\n\r\n\r\n\r\n<p>Soubory cookie a podobn\u00e9 technologie se pou\u017e\u00edvaj\u00ed ke zlep\u0161en\u00ed funk\u010dnosti webov\u00fdch str\u00e1nek. Dal\u0161\u00ed podrobnosti naleznete v na\u0161ich <strong>Z\u00e1sady pou\u017e\u00edv\u00e1n\u00ed soubor\u016f cookie<\/strong>.<\/p>\r\n\r\n\r\n<hr class=\"wp-block-separator has-alpha-channel-opacity\" \/>\r\n\r\n\r\n<h2 class=\"wp-block-heading\">9. Prevence podvod\u016f<\/h2>\r\n\r\n\r\n\r\n<p>Mk Reborns zav\u00e1d\u00ed p\u0159\u00edsn\u00e1 opat\u0159en\u00ed k prevenci podvod\u016f a vyu\u017e\u00edv\u00e1 ov\u011b\u0159ovac\u00ed a monitorovac\u00ed slu\u017eby t\u0159et\u00edch stran.<\/p>\r\n\r\n\r\n\r\n<p>Jak\u00fdkoli pokus o poskytnut\u00ed nepravdiv\u00fdch, zav\u00e1d\u011bj\u00edc\u00edch nebo nep\u0159esn\u00fdch informac\u00ed za \u00fa\u010delem podvodu m\u016f\u017ee b\u00fdt nahl\u00e1\u0161en p\u0159\u00edslu\u0161n\u00fdm org\u00e1n\u016fm pro boj proti podvod\u016fm.<\/p>\r\n\r\n\r\n\r\n<p>Vyhrazujeme si pr\u00e1vo pozastavit nebo ukon\u010dit \u00fa\u010dty spojen\u00e9 s podez\u0159en\u00edm na podvodn\u00e9 chov\u00e1n\u00ed.<\/p>\r\n\r\n\r\n<hr class=\"wp-block-separator has-alpha-channel-opacity\" \/>\r\n\r\n\r\n<h2 class=\"wp-block-heading\">10. Automatizovan\u00fd p\u0159\u00edstup a webov\u00ed roboti<\/h2>\r\n\r\n\r\n\r\n<p>K t\u011bmto webov\u00fdm str\u00e1nk\u00e1m maj\u00ed p\u0159\u00edstup pouze automatizovan\u00e9 softwarov\u00e9 aplikace v\u00fdslovn\u011b autorizovan\u00e9 spole\u010dnost\u00ed Mk Reborns a spl\u0148uj\u00edc\u00ed na\u0161e z\u00e1sady pou\u017e\u00edv\u00e1n\u00ed robot\u016f (\u201cPovolen\u00ed boti\u201d).<\/p>\r\n\r\n\r\n\r\n<p>Mezi neautorizovan\u00e9 boty pat\u0159\u00ed mimo jin\u00e9 skripty, kter\u00e9 p\u0159et\u011b\u017euj\u00ed servery, automatizuj\u00ed aktivitu v n\u00e1kupn\u00edm ko\u0161\u00edku, scrapinguj\u00ed obsah nebo naru\u0161uj\u00ed z\u00e1kaznickou zku\u0161enost.<\/p>\r\n\r\n\r\n\r\n<p>Vyhrazujeme si pr\u00e1vo takov\u00fd p\u0159\u00edstup zablokovat a okam\u017eit\u011b pozastavit souvisej\u00edc\u00ed \u00fa\u010dty.<\/p>\r\n\r\n\r\n\r\n<p>Souhlas\u00edte s t\u00edm, \u017ee od\u0161kodn\u00edte Mk Reborns za ve\u0161ker\u00e9 ztr\u00e1ty, n\u00e1klady a v\u00fddaje vznikl\u00e9 v d\u016fsledku neopr\u00e1vn\u011bn\u00e9ho automatizovan\u00e9ho p\u0159\u00edstupu.<\/p>\r\n\r\n\r\n<hr class=\"wp-block-separator has-alpha-channel-opacity\" \/>\r\n\r\n\r\n<h2 class=\"wp-block-heading\">11. Du\u0161evn\u00ed vlastnictv\u00ed<\/h2>\r\n\r\n\r\n\r\n<p>Ve\u0161ker\u00fd obsah webov\u00fdch str\u00e1nek, v\u010detn\u011b textu, obr\u00e1zk\u016f, grafiky a rozvr\u017een\u00ed, je v\u00fdhradn\u00edm vlastnictv\u00edm spole\u010dnosti Mk Reborns, pokud nen\u00ed uvedeno jinak.<\/p>\r\n\r\n\r\n\r\n<p>\u017d\u00e1dn\u00fd obsah nesm\u00ed b\u00fdt reprodukov\u00e1n, d\u00e1le distribuov\u00e1n, upravov\u00e1n ani vyu\u017e\u00edv\u00e1n pro komer\u010dn\u00ed \u00fa\u010dely bez p\u0159edchoz\u00edho p\u00edsemn\u00e9ho souhlasu, s v\u00fdjimkou osobn\u00edho, nekomer\u010dn\u00edho pou\u017eit\u00ed.<\/p>\r\n\r\n\r\n\r\n<p>Souhlas\u00edte s t\u00edm, \u017ee nebudete vytv\u00e1\u0159et odvozen\u00e1 d\u00edla z obsahu webov\u00fdch str\u00e1nek.<\/p>\r\n\r\n\r\n<hr class=\"wp-block-separator has-alpha-channel-opacity\" \/>\r\n\r\n\r\n<h2 class=\"wp-block-heading\">12. Vylou\u010den\u00ed z\u00e1ruk<\/h2>\r\n\r\n\r\n\r\n<p>Tyto webov\u00e9 str\u00e1nky jsou poskytov\u00e1ny \u201ctak, jak jsou\u201d a \u201ctak, jak jsou k dispozici\u201d.<\/p>\r\n\r\n\r\n\r\n<p>Neposkytujeme \u017e\u00e1dn\u00e9 z\u00e1ruky, v\u00fdslovn\u00e9 ani implicitn\u00ed, ohledn\u011b nep\u0159eru\u0161ovan\u00e9ho p\u0159\u00edstupu, p\u0159esnosti, bezchybn\u00e9ho provozu nebo absence \u0161kodliv\u00fdch komponent.<\/p>\r\n\r\n\r\n\r\n<p>Nic v tomto prohl\u00e1\u0161en\u00ed neomezuje va\u0161e z\u00e1konn\u00e1 pr\u00e1va t\u00fdkaj\u00edc\u00ed se zakoupen\u00e9ho zbo\u017e\u00ed.<\/p>\r\n\r\n\r\n<hr class=\"wp-block-separator has-alpha-channel-opacity\" \/>\r\n\r\n\r\n<h2 class=\"wp-block-heading\">13. Omezen\u00ed odpov\u011bdnosti<\/h2>\r\n\r\n\r\n\r\n<p>V maxim\u00e1ln\u00edm rozsahu povolen\u00e9m z\u00e1konem nenese Mk Reborns odpov\u011bdnost za:<\/p>\r\n\r\n\r\n\r\n<ul class=\"wp-block-list\">\r\n<li>ztr\u00e1ty, kter\u00e9 nebyly v dob\u011b uzav\u0159en\u00ed smlouvy rozumn\u011b p\u0159edv\u00eddateln\u00e9;<\/li>\r\n\r\n\r\n\r\n<li>ztr\u00e1ty nezp\u016fsoben\u00e9 na\u0161\u00edm poru\u0161en\u00edm;<\/li>\r\n\r\n\r\n\r\n<li>obchodn\u00ed ztr\u00e1ty nebo ztr\u00e1ty nespot\u0159ebitel\u016f.<\/li>\r\n<\/ul>\r\n\r\n\r\n\r\n<p>Nevylu\u010dujeme ani neomezujeme odpov\u011bdnost za:<\/p>\r\n\r\n\r\n\r\n<p>a) smrt nebo \u00fajmu na zdrav\u00ed zp\u016fsoben\u00e9 nedbalost\u00ed;<br \/>b) podvod nebo podvodn\u00e9 uveden\u00ed v omyl;<br \/>(c) poru\u0161en\u00ed z\u00e1konn\u00fdch implicitn\u00edch podm\u00ednek t\u00fdkaj\u00edc\u00edch se titulu, popisu, kvality nebo zp\u016fsobilosti;<br \/>d) odpov\u011bdnost podle platn\u00fdch pr\u00e1vn\u00edch p\u0159edpis\u016f na ochranu spot\u0159ebitele.<\/p>\r\n\r\n\r\n<hr class=\"wp-block-separator has-alpha-channel-opacity\" \/>\r\n\r\n\r\n<h2 class=\"wp-block-heading\">14. P\u0159ijateln\u00e9 pou\u017eit\u00ed<\/h2>\r\n\r\n\r\n\r\n<p>Souhlas\u00edte s t\u00edm, \u017ee budete tyto webov\u00e9 str\u00e1nky pou\u017e\u00edvat v\u00fdhradn\u011b pro z\u00e1konn\u00e9 \u00fa\u010dely a zp\u016fsobem, kter\u00fd neporu\u0161uje pr\u00e1va ostatn\u00edch ani neomezuje jejich u\u017e\u00edv\u00e1n\u00ed webov\u00fdch str\u00e1nek.<\/p>\r\n\r\n\r\n\r\n<p>Zak\u00e1zan\u00e9 chov\u00e1n\u00ed zahrnuje mimo jin\u00e9 obt\u011b\u017eov\u00e1n\u00ed, \u0161\u00ed\u0159en\u00ed ur\u00e1\u017eliv\u00e9ho materi\u00e1lu nebo naru\u0161ov\u00e1n\u00ed b\u011b\u017en\u00e9ho provozu webov\u00fdch str\u00e1nek.<\/p>\r\n\r\n\r\n<hr class=\"wp-block-separator has-alpha-channel-opacity\" \/>\r\n\r\n\r\n<h2 class=\"wp-block-heading\">15. U\u017eivatelsky generovan\u00fd obsah (recenze, obr\u00e1zky, p\u0159\u00edsp\u011bvky)<\/h2>\r\n\r\n\r\n\r\n<p>Odesl\u00e1n\u00edm recenz\u00ed, hodnocen\u00ed, obr\u00e1zk\u016f nebo jin\u00e9ho obsahu prohla\u0161ujete a zaru\u010dujete, \u017ee:<\/p>\r\n\r\n\r\n\r\n<ul class=\"wp-block-list\">\r\n<li>Vlastn\u00edte ve\u0161ker\u00e1 pr\u00e1va du\u0161evn\u00edho vlastnictv\u00ed k nim;<\/li>\r\n\r\n\r\n\r\n<li>Vzdali jste se ve\u0161ker\u00fdch mor\u00e1ln\u00edch pr\u00e1v.<\/li>\r\n\r\n\r\n\r\n<li>Obsah je pravdiv\u00fd a z\u00e1konn\u00fd.<\/li>\r\n\r\n\r\n\r\n<li>Je v\u00e1m alespo\u0148 osmn\u00e1ct (18) let.<\/li>\r\n<\/ul>\r\n\r\n\r\n\r\n<p>Ud\u011blujete Mk Reborns trvalou, neodvolatelnou, bezplatnou a celosv\u011btovou licenci k pou\u017e\u00edv\u00e1n\u00ed, reprodukci, \u00faprav\u011b, publikov\u00e1n\u00ed, p\u0159ekladu, distribuci a jin\u00e9mu vyu\u017e\u00edv\u00e1n\u00ed takov\u00e9ho obsahu bez n\u00e1hrady.<\/p>\r\n\r\n\r\n\r\n<p>Vyhrazujeme si pr\u00e1vo upravit, odstranit nebo odm\u00edtnout zve\u0159ejn\u011bn\u00ed jak\u00e9hokoli obsahu dle na\u0161eho uv\u00e1\u017een\u00ed.<\/p>\r\n\r\n\r\n\r\n<p>Za obsah, kter\u00fd ode\u0161lete, nesete v\u00fdhradn\u00ed odpov\u011bdnost.<\/p>\r\n\r\n\r\n<hr class=\"wp-block-separator has-alpha-channel-opacity\" \/>\r\n\r\n\r\n<h2 class=\"wp-block-heading\">16. V\u011brnostn\u00ed program<\/h2>\r\n\r\n\r\n\r\n<p>Restrukturalizujeme n\u00e1\u0161 v\u011brnostn\u00ed program.<br \/>St\u00e1vaj\u00edc\u00ed bodov\u00e9 syst\u00e9my mohou b\u00fdt ukon\u010deny bez dal\u0161\u00edho navy\u0161ov\u00e1n\u00ed nebo uplat\u0148ov\u00e1n\u00ed.<\/p>\r\n\r\n\r\n<hr class=\"wp-block-separator has-alpha-channel-opacity\" \/>\r\n\r\n\r\n<h2 class=\"wp-block-heading\">17. Da\u0148 z prodeje (Spojen\u00e9 st\u00e1ty)<\/h2>\r\n\r\n\r\n\r\n<p>P\u0159\u00edslu\u0161n\u00e1 da\u0148 z prodeje nebo spot\u0159ebn\u00ed da\u0148 bude vypo\u010d\u00edt\u00e1na na z\u00e1klad\u011b va\u0161\u00ed dodac\u00ed adresy a zobrazena p\u0159i placen\u00ed.<\/p>\r\n\r\n\r\n\r\n<p>Zobrazen\u00e9 \u010d\u00e1stky dan\u011b jsou odhady; kone\u010dn\u00e1 da\u0148 bude potvrzena po dokon\u010den\u00ed objedn\u00e1vky.<\/p>\r\n\r\n\r\n<hr class=\"wp-block-separator has-alpha-channel-opacity\" \/>\r\n\r\n\r\n<h2 class=\"wp-block-heading\">18. Extern\u00ed odkazy<\/h2>\r\n\r\n\r\n\r\n<p>Tyto webov\u00e9 str\u00e1nky mohou obsahovat odkazy na str\u00e1nky t\u0159et\u00edch stran.<br \/>Takov\u00e9 str\u00e1nky nekontrolujeme ani neschvalujeme a nep\u0159eb\u00edr\u00e1me \u017e\u00e1dnou odpov\u011bdnost za jejich obsah.<\/p>\r\n\r\n\r\n<hr class=\"wp-block-separator has-alpha-channel-opacity\" \/>\r\n\r\n\r\n<h2 class=\"wp-block-heading\">19. Rozhodn\u00e9 pr\u00e1vo a jurisdikce<\/h2>\r\n<div>Tyto Podm\u00ednky a jak\u00fdkoli spor nebo n\u00e1rok vypl\u00fdvaj\u00edc\u00ed z nich nebo v souvislosti s nimi (v\u010detn\u011b mimosmluvn\u00edch spor\u016f nebo n\u00e1rok\u016f) se \u0159\u00edd\u00ed a vykl\u00e1daj\u00ed v souladu s pr\u00e1vn\u00edmi p\u0159edpisy Zvl\u00e1\u0161tn\u00ed administrativn\u00ed oblasti Hongkong (HKSAR), bez ohledu na jej\u00ed principy kolize pr\u00e1vn\u00edch norem.<\/div>\r\n<div>Neodvolateln\u011b souhlas\u00edte s t\u00edm, \u017ee soudy Hongkongu maj\u00ed v\u00fdhradn\u00ed pravomoc k \u0159e\u0161en\u00ed jak\u00fdchkoli spor\u016f nebo n\u00e1rok\u016f vypl\u00fdvaj\u00edc\u00edch z t\u011bchto Podm\u00ednek nebo z va\u0161eho pou\u017e\u00edv\u00e1n\u00ed Webov\u00fdch str\u00e1nek nebo v souvislosti s nimi.<\/div>\r\n\r\n\r\n<hr class=\"wp-block-separator has-alpha-channel-opacity\" \/>\r\n\r\n\r\n<h2 class=\"wp-block-heading\">20. Vy\u0161\u0161\u00ed moc<\/h2>\r\n\r\n\r\n\r\n<p>Neneseme odpov\u011bdnost za nepln\u011bn\u00ed nebo zpo\u017ed\u011bn\u00ed pln\u011bn\u00ed zp\u016fsoben\u00e9 ud\u00e1lostmi mimo na\u0161i p\u0159im\u011b\u0159enou kontrolu, v\u010detn\u011b, ale nikoli v\u00fdhradn\u011b, p\u0159\u00edrodn\u00edch katastrof, pandemi\u00ed, vl\u00e1dn\u00edch opat\u0159en\u00ed nebo ob\u010dansk\u00fdch nepokoj\u016f.<\/p>\r\n\r\n\r\n\r\n<p>Dot\u010den\u00e9 z\u00e1vazky budou pozastaveny po dobu trv\u00e1n\u00ed takov\u00e9 ud\u00e1losti.<\/p>\r\n\r\n\r\n<hr class=\"wp-block-separator has-alpha-channel-opacity\" \/>\r\n\r\n\r\n<h2 class=\"wp-block-heading\">21. Postoupen\u00ed a odd\u011blitelnost<\/h2>\r\n\r\n\r\n\r\n<p>M\u016f\u017eeme postoupit sv\u00e1 pr\u00e1va a povinnosti vypl\u00fdvaj\u00edc\u00ed z t\u011bchto Podm\u00ednek, ani\u017e by to ovlivnilo va\u0161e pr\u00e1va.<\/p>\r\n\r\n\r\n\r\n<p>Bez na\u0161eho p\u00edsemn\u00e9ho souhlasu nesm\u00edte sv\u00e1 pr\u00e1va postoupit.<\/p>\r\n\r\n\r\n\r\n<p>Pokud se n\u011bkter\u00e9 ustanoven\u00ed uk\u00e1\u017ee jako nevymahateln\u00e9, zb\u00fdvaj\u00edc\u00ed ustanoven\u00ed z\u016fstanou v pln\u00e9 platnosti.<\/p>\r\n\r\n\r\n<hr class=\"wp-block-separator has-alpha-channel-opacity\" \/>\r\n\r\n\r\n<h2 class=\"wp-block-heading\">22. Z\u0159eknut\u00ed se pr\u00e1va<\/h2>\r\n\r\n\r\n\r\n<p>Neuplatn\u011bn\u00ed jak\u00e9hokoli ustanoven\u00ed ze strany Mk Reborns nep\u0159edstavuje z\u0159eknut\u00ed se budouc\u00edho uplat\u0148ov\u00e1n\u00ed.<\/p>","protected":false},"excerpt":{"rendered":"<p>1. \u00davod Tyto obchodn\u00ed podm\u00ednky (\u201cpodm\u00ednky\u201d) upravuj\u00ed v\u00e1\u0161 p\u0159\u00edstup k webov\u00fdm str\u00e1nk\u00e1m mkreborns.com (\u201cwebov\u00e9 str\u00e1nky\u201d), digit\u00e1ln\u00edm<\/p>","protected":false},"author":1,"featured_media":0,"parent":0,"menu_order":0,"comment_status":"closed","ping_status":"closed","template":"","meta":{"footnotes":""},"class_list":["post-3449","page","type-page","status-publish","hentry"],"_links":{"self":[{"href":"https:\/\/www.mkreborns.com\/cs\/wp-json\/wp\/v2\/pages\/3449","targetHints":{"allow":["GET"]}}],"collection":[{"href":"https:\/\/www.mkreborns.com\/cs\/wp-json\/wp\/v2\/pages"}],"about":[{"href":"https:\/\/www.mkreborns.com\/cs\/wp-json\/wp\/v2\/types\/page"}],"author":[{"embeddable":true,"href":"https:\/\/www.mkreborns.com\/cs\/wp-json\/wp\/v2\/users\/1"}],"replies":[{"embeddable":true,"href":"https:\/\/www.mkreborns.com\/cs\/wp-json\/wp\/v2\/comments?post=3449"}],"version-history":[{"count":0,"href":"https:\/\/www.mkreborns.com\/cs\/wp-json\/wp\/v2\/pages\/3449\/revisions"}],"wp:attachment":[{"href":"https:\/\/www.mkreborns.com\/cs\/wp-json\/wp\/v2\/media?parent=3449"}],"curies":[{"name":"wp","href":"https:\/\/api.w.org\/{rel}","templated":true}]}}