{"id":3,"date":"2025-12-24T14:18:41","date_gmt":"2025-12-24T14:18:41","guid":{"rendered":"https:\/\/www.mkreborns.com\/?page_id=3"},"modified":"2026-01-20T10:07:36","modified_gmt":"2026-01-20T10:07:36","slug":"privacy-policy","status":"publish","type":"page","link":"https:\/\/www.mkreborns.com\/cs\/privacy-policy\/","title":{"rendered":"Z\u00e1sady ochrany osobn\u00edch \u00fadaj\u016f"},"content":{"rendered":"<p>Na <strong>Mk Reborns<\/strong>, klademe velk\u00fd d\u016fraz na d\u016fv\u011brnost, integritu a zodpov\u011bdn\u00e9 nakl\u00e1d\u00e1n\u00ed s osobn\u00edmi \u00fadaji. Tyto Z\u00e1sady ochrany osobn\u00edch \u00fadaj\u016f vysv\u011btluj\u00ed, jak jsou data shroma\u017e\u010fov\u00e1na, zpracov\u00e1v\u00e1na, ukl\u00e1d\u00e1na a chr\u00e1n\u011bna, kdy\u017e p\u0159istupujete na na\u0161e webov\u00e9 str\u00e1nky nebo s nimi interagujete.<\/p>\n\n\n\n<hr class=\"wp-block-separator has-alpha-channel-opacity\"\/>\n\n\n\n<h2 class=\"wp-block-heading\">1. Kdo jsme<\/h2>\n\n\n\n<p>Webov\u00e1 str\u00e1nka <strong><a href=\"https:\/\/www.mkreborns.com\/cs\/\">https:\/\/www.mkreborns.com<\/a><\/strong> je vlastn\u011bn a provozov\u00e1n spole\u010dnost\u00ed <strong>Mk Reborns<\/strong>.<br>V cel\u00fdch t\u011bchto z\u00e1sad\u00e1ch se v\u00fdrazy \u201cmy\u201d, \u201cna\u0161e\u201d nebo \u201cn\u00e1s\u201d vztahuj\u00ed v\u00fdhradn\u011b na Mk Reborns.<\/p>\n\n\n\n<hr class=\"wp-block-separator has-alpha-channel-opacity\"\/>\n\n\n\n<h2 class=\"wp-block-heading\">2. Koment\u00e1\u0159e a u\u017eivatelsk\u00e9 p\u0159\u00edsp\u011bvky<\/h2>\n\n\n\n<p>Kdy\u017e se n\u00e1v\u0161t\u011bvn\u00edci rozhodnou zanechat na na\u0161ich webov\u00fdch str\u00e1nk\u00e1ch koment\u00e1\u0159e, shroma\u017e\u010fujeme informace zobrazen\u00e9 ve formul\u00e1\u0159i pro odesl\u00e1n\u00ed koment\u00e1\u0159e spolu s \u00fadaji n\u00e1v\u0161t\u011bvn\u00edka <strong>IP adresa<\/strong> a <strong>\u0159et\u011bzec u\u017eivatelsk\u00e9ho agenta prohl\u00ed\u017ee\u010de<\/strong>. Tyto informace jsou shroma\u017e\u010fov\u00e1ny v\u00fdhradn\u011b za \u00fa\u010delem udr\u017een\u00ed bezpe\u010dnosti platformy a prevence nevy\u017e\u00e1dan\u00e9ho nebo ur\u00e1\u017eliv\u00e9ho obsahu.<\/p>\n\n\n\n<p>Anonymizovan\u00fd identifik\u00e1tor vygenerovan\u00fd z va\u0161\u00ed e-mailov\u00e9 adresy (b\u011b\u017en\u011b ozna\u010dovan\u00fd jako <em>hash<\/em>) m\u016f\u017ee b\u00fdt p\u0159en\u00e1\u0161en do <strong>Gravatar<\/strong> slu\u017eba k ur\u010den\u00ed, zda existuje p\u0159idru\u017een\u00fd profil.<br>Slu\u017eba Gravatar funguje v r\u00e1mci vlastn\u00edho r\u00e1mce ochrany osobn\u00edch \u00fadaj\u016f, kter\u00fd si m\u016f\u017eete prohl\u00e9dnout na adrese:<br><a href=\"https:\/\/automattic.com\/privacy\/\" target=\"_blank\" rel=\"noopener\">https:\/\/automattic.com\/privacy\/<\/a><\/p>\n\n\n\n<p>Jakmile je koment\u00e1\u0159 schv\u00e1len, jak\u00fdkoli p\u0159idru\u017een\u00fd profilov\u00fd obr\u00e1zek se stane ve\u0159ejn\u011b viditeln\u00fd vedle koment\u00e1\u0159e.<\/p>\n\n\n\n<hr class=\"wp-block-separator has-alpha-channel-opacity\"\/>\n\n\n\n<h2 class=\"wp-block-heading\">3. Nahr\u00e1v\u00e1n\u00ed m\u00e9di\u00ed<\/h2>\n\n\n\n<p>Pokud nahr\u00e1v\u00e1te obr\u00e1zky na webov\u00e9 str\u00e1nky, d\u016frazn\u011b nedoporu\u010dujeme je vkl\u00e1dat <strong>vlo\u017een\u00e1 metadata o poloze (EXIF GPS)<\/strong>.<br>N\u00e1v\u0161t\u011bvn\u00edci str\u00e1nek si mohou stahovat obr\u00e1zky a extrahovat ve\u0161ker\u00e1 data o poloze, kter\u00e1 jsou v nich obsa\u017eena. Mk Reborns nep\u0159eb\u00edr\u00e1 \u017e\u00e1dnou odpov\u011bdnost za metadata dobrovoln\u011b zahrnut\u00e1 v nahran\u00fdch m\u00e9di\u00edch.<\/p>\n\n\n\n<hr class=\"wp-block-separator has-alpha-channel-opacity\"\/>\n\n\n\n<h2 class=\"wp-block-heading\">4. Soubory cookie a podobn\u00e9 technologie<\/h2>\n\n\n\n<p>Pro zv\u00fd\u0161en\u00ed u\u017eivatelsk\u00e9ho pohodl\u00ed a funk\u010dnosti pou\u017e\u00edvaj\u00ed na\u0161e webov\u00e9 str\u00e1nky soubory cookie za n\u00e1sleduj\u00edc\u00edch okolnost\u00ed:<\/p>\n\n\n\n<ul class=\"wp-block-list\">\n<li>Kdy\u017e ode\u0161lete koment\u00e1\u0159, m\u016f\u017eete se rozhodnout ukl\u00e1dat sv\u00e9 jm\u00e9no, e-mailovou adresu a \u00fadaje o webov\u00fdch str\u00e1nk\u00e1ch do soubor\u016f cookie. Tyto soubory cookie se uchov\u00e1vaj\u00ed po dobu <strong>jeden rok<\/strong> aby se eliminovala pot\u0159eba opakovan\u00e9ho zad\u00e1v\u00e1n\u00ed dat.<\/li>\n\n\n\n<li>Po n\u00e1v\u0161t\u011bv\u011b p\u0159ihla\u0161ovac\u00ed str\u00e1nky se vygeneruje do\u010dasn\u00fd soubor cookie, kter\u00fd ov\u011b\u0159uje, zda v\u00e1\u0161 prohl\u00ed\u017ee\u010d p\u0159ij\u00edm\u00e1 soubory cookie. Tento soubor cookie neobsahuje \u017e\u00e1dn\u00e9 osobn\u00ed \u00fadaje a po zav\u0159en\u00ed prohl\u00ed\u017ee\u010de se zahod\u00ed.<\/li>\n\n\n\n<li>Kdy\u017e se p\u0159ihl\u00e1s\u00edte, vytvo\u0159\u00ed se n\u011bkolik soubor\u016f cookie, kter\u00e9 zachovaj\u00ed v\u00e1\u0161 stav ov\u011b\u0159ov\u00e1n\u00ed a preference zobrazen\u00ed.\n<ul class=\"wp-block-list\">\n<li>P\u0159ihla\u0161ovac\u00ed soubory cookie z\u016fst\u00e1vaj\u00ed aktivn\u00ed po dobu <strong>dva dny<\/strong><\/li>\n\n\n\n<li>Soubory cookie preferenc\u00ed zobrazen\u00ed p\u0159etrv\u00e1vaj\u00ed po dobu <strong>jeden rok<\/strong><\/li>\n\n\n\n<li>Pokud je vybr\u00e1na mo\u017enost \u201cZapamatovat si m\u011b\u201d, p\u0159ihla\u0161ovac\u00ed \u00fadaje se uchov\u00e1vaj\u00ed po dobu <strong>dva t\u00fddny<\/strong><\/li>\n<\/ul>\n<\/li>\n\n\n\n<li>Po odhl\u00e1\u0161en\u00ed se odstran\u00ed soubory cookie souvisej\u00edc\u00ed s p\u0159ihl\u00e1\u0161en\u00edm.<\/li>\n\n\n\n<li>Pokud upravujete nebo publikujete obsah, ulo\u017e\u00ed se do va\u0161eho prohl\u00ed\u017ee\u010de dal\u0161\u00ed soubor cookie. Tento soubor cookie neobsahuje \u017e\u00e1dn\u00e9 osobn\u00ed \u00fadaje a slou\u017e\u00ed v\u00fdhradn\u011b k identifikaci upraven\u00e9ho p\u0159\u00edsp\u011bvku. Platnost vypr\u0161\u00ed po\u2026 <strong>24 hodin<\/strong>.<\/li>\n<\/ul>\n\n\n\n<hr class=\"wp-block-separator has-alpha-channel-opacity\"\/>\n\n\n\n<h2 class=\"wp-block-heading\">5. Vlo\u017een\u00fd obsah z webov\u00fdch str\u00e1nek t\u0159et\u00edch stran<\/h2>\n\n\n\n<p>Str\u00e1nky na tomto webu mohou obsahovat vlo\u017een\u00fd obsah (v\u010detn\u011b, ale nikoli v\u00fdhradn\u011b, vide\u00ed, obr\u00e1zk\u016f nebo \u010dl\u00e1nk\u016f).<br>Vlo\u017een\u00fd obsah z extern\u00edch webov\u00fdch str\u00e1nek se chov\u00e1 stejn\u00fdm zp\u016fsobem, jako byste nav\u0161t\u00edvili p\u0159\u00edmo p\u016fvodn\u00ed webovou str\u00e1nku.<\/p>\n\n\n\n<p>Takov\u00e9 webov\u00e9 str\u00e1nky t\u0159et\u00edch stran mohou:<\/p>\n\n\n\n<ul class=\"wp-block-list\">\n<li>Shroma\u017e\u010fov\u00e1n\u00ed \u00fadaj\u016f o v\u00e1s<\/li>\n\n\n\n<li>Pou\u017e\u00edv\u00e1n\u00ed soubor\u016f cookie<\/li>\n\n\n\n<li>Vyu\u017eijte dal\u0161\u00ed n\u00e1stroje pro sledov\u00e1n\u00ed t\u0159et\u00edch stran<\/li>\n\n\n\n<li>Sledov\u00e1n\u00ed va\u0161\u00ed interakce s vlo\u017een\u00fdm obsahem<\/li>\n<\/ul>\n\n\n\n<p>To m\u016f\u017ee zahrnovat sledov\u00e1n\u00ed interakc\u00ed, pokud m\u00e1te \u00fa\u010det na extern\u00ed platform\u011b a jste k n\u00ed p\u0159ihl\u00e1\u0161eni.<\/p>\n\n\n\n<hr class=\"wp-block-separator has-alpha-channel-opacity\"\/>\n\n\n\n<h2 class=\"wp-block-heading\">6. Sd\u00edlen\u00ed dat<\/h2>\n\n\n\n<p>Pokud po\u017e\u00e1d\u00e1te o resetov\u00e1n\u00ed hesla, va\u0161e <strong>IP adresa<\/strong> bude zahrnuto v komunikaci o resetov\u00e1n\u00ed hesla pro \u00fa\u010dely bezpe\u010dnostn\u00edho ov\u011b\u0159en\u00ed.<\/p>\n\n\n\n<p>Mk Reborns neprod\u00e1v\u00e1, nepronaj\u00edm\u00e1 ani neobchoduje s osobn\u00edmi \u00fadaji neopr\u00e1vn\u011bn\u00fdm t\u0159et\u00edm stran\u00e1m.<\/p>\n\n\n\n<hr class=\"wp-block-separator has-alpha-channel-opacity\"\/>\n\n\n\n<h2 class=\"wp-block-heading\">7. Uchov\u00e1v\u00e1n\u00ed \u00fadaj\u016f<\/h2>\n\n\n\n<p>Koment\u00e1\u0159e a s nimi spojen\u00e1 metadata jsou zachov\u00e1ny <strong>na neur\u010dito<\/strong>. To n\u00e1m umo\u017e\u0148uje automaticky rozpoznat a schv\u00e1lit n\u00e1sledn\u00e9 koment\u00e1\u0159e, ani\u017e bychom je museli moderovat.<\/p>\n\n\n\n<p>Pro u\u017eivatele, kte\u0159\u00ed se zaregistruj\u00ed na na\u0161ich webov\u00fdch str\u00e1nk\u00e1ch (pokud je to relevantn\u00ed), ukl\u00e1d\u00e1me osobn\u00ed \u00fadaje poskytnut\u00e9 v jejich u\u017eivatelsk\u00fdch profilech.<br>Registrovan\u00ed u\u017eivatel\u00e9 si mohou kdykoli prohl\u00ed\u017eet, upravovat nebo mazat sv\u00e9 osobn\u00ed \u00fadaje, s v\u00fdjimkou u\u017eivatelsk\u00fdch jmen. Spr\u00e1vci webov\u00fdch str\u00e1nek si ponech\u00e1vaj\u00ed mo\u017enost p\u0159\u00edstupu k t\u011bmto informac\u00edm a jejich \u00fapravy v p\u0159\u00edpad\u011b pot\u0159eby.<\/p>\n\n\n\n<hr class=\"wp-block-separator has-alpha-channel-opacity\"\/>\n\n\n\n<h2 class=\"wp-block-heading\">8. Va\u0161e pr\u00e1va ohledn\u011b va\u0161ich \u00fadaj\u016f<\/h2>\n\n\n\n<p>Pokud m\u00e1te na t\u011bchto webov\u00fdch str\u00e1nk\u00e1ch \u00fa\u010det nebo jste ji\u017e d\u0159\u00edve odeslali koment\u00e1\u0159e, m\u016f\u017eete po\u017e\u00e1dat o:<\/p>\n\n\n\n<ul class=\"wp-block-list\">\n<li>Exportovan\u00fd soubor obsahuj\u00edc\u00ed osobn\u00ed \u00fadaje, kter\u00e9 o v\u00e1s uchov\u00e1v\u00e1me<\/li>\n\n\n\n<li>V\u00fdmaz osobn\u00edch \u00fadaj\u016f spojen\u00fdch s v\u00e1mi<\/li>\n<\/ul>\n\n\n\n<p>\u017d\u00e1dosti o smaz\u00e1n\u00ed \u00fadaj\u016f se nevztahuj\u00ed na informace, kter\u00e9 jsme ze z\u00e1kona nebo administrativn\u011b povinni uchov\u00e1vat z d\u016fvodu dodr\u017eov\u00e1n\u00ed p\u0159edpis\u016f, zabezpe\u010den\u00ed nebo provozn\u00edch \u00fa\u010del\u016f.<\/p>\n\n\n\n<hr class=\"wp-block-separator has-alpha-channel-opacity\"\/>\n\n\n\n<h2 class=\"wp-block-heading\">9. Kde jsou va\u0161e \u00fadaje zpracov\u00e1v\u00e1ny<\/h2>\n\n\n\n<p>Koment\u00e1\u0159e n\u00e1v\u0161t\u011bvn\u00edk\u016f mohou b\u00fdt kontrolov\u00e1ny pomoc\u00ed automatizovan\u00fdch slu\u017eeb pro detekci spamu, aby byla zaji\u0161t\u011bna bezpe\u010dnost a integrita webov\u00fdch str\u00e1nek.<\/p>\n\n\n\n<hr class=\"wp-block-separator has-alpha-channel-opacity\"\/>\n\n\n\n<h2 class=\"wp-block-heading\">10. Kontaktn\u00ed informace<\/h2>\n\n\n\n<p>M\u00e1te-li jak\u00e9koli dotazy t\u00fdkaj\u00edc\u00ed se t\u011bchto Z\u00e1sad ochrany osobn\u00edch \u00fadaj\u016f nebo nakl\u00e1d\u00e1n\u00ed s va\u0161imi osobn\u00edmi \u00fadaji, kontaktujte n\u00e1s pros\u00edm na adrese:<\/p>\n\n\n\n<p>\ud83d\udce7 <strong><a href=\"mailto:support@mkreborns.com\">support@mkreborns.com<\/a><\/strong><\/p>\n\n\n\n<p><\/p>","protected":false},"excerpt":{"rendered":"<p>V Mk Reborns klademe velk\u00fd d\u016fraz na d\u016fv\u011brnost, integritu a zodpov\u011bdn\u00e9 nakl\u00e1d\u00e1n\u00ed s osobn\u00edmi \u00fadaji. Tyto Z\u00e1sady ochrany osobn\u00edch \u00fadaj\u016f<\/p>","protected":false},"author":1,"featured_media":0,"parent":0,"menu_order":0,"comment_status":"closed","ping_status":"closed","template":"","meta":{"footnotes":""},"class_list":["post-3","page","type-page","status-publish","hentry"],"_links":{"self":[{"href":"https:\/\/www.mkreborns.com\/cs\/wp-json\/wp\/v2\/pages\/3","targetHints":{"allow":["GET"]}}],"collection":[{"href":"https:\/\/www.mkreborns.com\/cs\/wp-json\/wp\/v2\/pages"}],"about":[{"href":"https:\/\/www.mkreborns.com\/cs\/wp-json\/wp\/v2\/types\/page"}],"author":[{"embeddable":true,"href":"https:\/\/www.mkreborns.com\/cs\/wp-json\/wp\/v2\/users\/1"}],"replies":[{"embeddable":true,"href":"https:\/\/www.mkreborns.com\/cs\/wp-json\/wp\/v2\/comments?post=3"}],"version-history":[{"count":0,"href":"https:\/\/www.mkreborns.com\/cs\/wp-json\/wp\/v2\/pages\/3\/revisions"}],"wp:attachment":[{"href":"https:\/\/www.mkreborns.com\/cs\/wp-json\/wp\/v2\/media?parent=3"}],"curies":[{"name":"wp","href":"https:\/\/api.w.org\/{rel}","templated":true}]}}