{"id":22,"date":"2025-10-16T14:50:26","date_gmt":"2025-10-16T14:50:26","guid":{"rendered":"https:\/\/dummy.xtemos.com\/woodmart2\/christmas-shop-elementor\/?page_id=22"},"modified":"2025-10-16T14:50:26","modified_gmt":"2025-10-16T14:50:26","slug":"wishlist","status":"publish","type":"page","link":"https:\/\/www.mkreborns.com\/cs\/wishlist\/","title":{"rendered":"Seznam p\u0159\u00e1n\u00ed"},"content":{"rendered":"<div data-elementor-type=\"wp-page\" data-elementor-id=\"22\" class=\"elementor elementor-22\" data-elementor-post-type=\"page\">\n\t\t\t\t<div class=\"wd-negative-gap elementor-element elementor-element-5dd70f8 e-flex e-con-boxed e-con e-parent\" data-id=\"5dd70f8\" data-element_type=\"container\" data-e-type=\"container\">\n\t\t\t\t\t<div class=\"e-con-inner\">\n\t\t\t\t<div class=\"elementor-element elementor-element-e8fd71e elementor-widget elementor-widget-wd_wishlist\" data-id=\"e8fd71e\" data-element_type=\"widget\" data-e-type=\"widget\" data-widget_type=\"wd_wishlist.default\">\n\t\t\t\t<div class=\"elementor-widget-container\">\n\t\t\t\t\t\t\t\n\t\t\n\n\t\t\t\t<div class=\"\" >\n\t\t\t\t\t\t<div class=\"wd-wishlist-content\">\n\t\t\t\t\t\t\t\t\t\n\t\t<div class=\"wd-empty-block wd-empty-wishlist\">\n\n\t\t<h2 class=\"wd-empty-block-title\">\n\t\t\tTento seznam p\u0159\u00e1n\u00ed je pr\u00e1zdn\u00fd.\t\t<\/h2>\n\n\t\t\t\t\t<p class=\"wd-empty-block-text\">\n\t\t\t\tV seznamu p\u0159\u00e1n\u00ed zat\u00edm nem\u00e1te \u017e\u00e1dn\u00e9 produkty. Na na\u0161\u00ed str\u00e1nce \"Obchod\" najdete spoustu zaj\u00edmav\u00fdch produkt\u016f.\t\t\t<\/p>\n\t\t\n\t\t\n\t\t\t\t\t<a class=\"button btn btn-accent wd-empty-block-btn\" href=\"https:\/\/www.mkreborns.com\/cs\/shop\/\">\n\t\t\t\tZp\u011bt do obchodu\t\t\t<\/a>\n\t\t\n\t\t\t\t\t<\/div>\n\t\t\t\t\t\t\t\t\t\t\t<\/div>\n\t\t\t\t<\/div>\n\t\t\t\t\t\t<\/div>\n\t\t\t\t<\/div>\n\t\t\t\t\t<\/div>\n\t\t\t\t<\/div>\n\t\t\t\t<\/div>","protected":false},"excerpt":{"rendered":"<p>M\u016fj \u00fa\u010det N\u00e1st\u011bnka Objedn\u00e1vky Soubory ke sta\u017een\u00ed Adresy \u00dadaje o \u00fa\u010dtu Seznam p\u0159\u00e1n\u00ed Odhl\u00e1sit se Tento seznam p\u0159\u00e1n\u00ed je pr\u00e1zdn\u00fd. Nem\u00e1te \u017e\u00e1dn\u00e9 produkty v<\/p>","protected":false},"author":1,"featured_media":0,"parent":0,"menu_order":0,"comment_status":"closed","ping_status":"closed","template":"","meta":{"footnotes":""},"class_list":["post-22","page","type-page","status-publish","hentry"],"_links":{"self":[{"href":"https:\/\/www.mkreborns.com\/cs\/wp-json\/wp\/v2\/pages\/22","targetHints":{"allow":["GET"]}}],"collection":[{"href":"https:\/\/www.mkreborns.com\/cs\/wp-json\/wp\/v2\/pages"}],"about":[{"href":"https:\/\/www.mkreborns.com\/cs\/wp-json\/wp\/v2\/types\/page"}],"author":[{"embeddable":true,"href":"https:\/\/www.mkreborns.com\/cs\/wp-json\/wp\/v2\/users\/1"}],"replies":[{"embeddable":true,"href":"https:\/\/www.mkreborns.com\/cs\/wp-json\/wp\/v2\/comments?post=22"}],"version-history":[{"count":0,"href":"https:\/\/www.mkreborns.com\/cs\/wp-json\/wp\/v2\/pages\/22\/revisions"}],"wp:attachment":[{"href":"https:\/\/www.mkreborns.com\/cs\/wp-json\/wp\/v2\/media?parent=22"}],"curies":[{"name":"wp","href":"https:\/\/api.w.org\/{rel}","templated":true}]}}