{"id":16,"date":"2025-10-16T14:49:51","date_gmt":"2025-10-16T14:49:51","guid":{"rendered":"https:\/\/dummy.xtemos.com\/woodmart2\/christmas-shop-elementor\/?page_id=16"},"modified":"2025-10-16T14:49:51","modified_gmt":"2025-10-16T14:49:51","slug":"compare","status":"publish","type":"page","link":"https:\/\/www.mkreborns.com\/cs\/compare\/","title":{"rendered":"Porovnat"},"content":{"rendered":"<div data-elementor-type=\"wp-page\" data-elementor-id=\"16\" class=\"elementor elementor-16\" data-elementor-post-type=\"page\">\n\t\t\t\t<div class=\"wd-negative-gap elementor-element elementor-element-e1e10bb wd-section-stretch e-flex e-con-boxed e-con e-parent\" data-id=\"e1e10bb\" data-element_type=\"container\" data-e-type=\"container\" data-settings=\"{&quot;background_background&quot;:&quot;classic&quot;}\">\n\t\t\t\t\t<div class=\"e-con-inner\">\n\t\t\t\t<div class=\"elementor-element elementor-element-70f1dea text-center wd-el-breadcrumbs elementor-widget elementor-widget-wd_wc_breadcrumb\" data-id=\"70f1dea\" data-element_type=\"widget\" data-e-type=\"widget\" data-widget_type=\"wd_wc_breadcrumb.default\">\n\t\t\t\t<div class=\"elementor-widget-container\">\n\t\t\t\t\t<nav class=\"wd-breadcrumbs woocommerce-breadcrumb\" aria-label=\"Drobe\u010dkov\u00e1 navigace\">\t\t\t\t<span class=\"wd-last\">\n\t\t\t\t\tDom\u016f\t\t\t\t<\/span>\n\t\t\t<\/nav>\t\t\t\t<\/div>\n\t\t\t\t<\/div>\n\t\t\t\t<div class=\"elementor-element elementor-element-7e94fbd text-center wd-el-page-heading elementor-widget elementor-widget-wd_page_heading\" data-id=\"7e94fbd\" data-element_type=\"widget\" data-e-type=\"widget\" data-widget_type=\"wd_page_heading.default\">\n\t\t\t\t<div class=\"elementor-widget-container\">\n\t\t\t\t\t<h2 class=\"entry-title title\">Porovnat<\/h2>\t\t\t\t<\/div>\n\t\t\t\t<\/div>\n\t\t\t\t\t<\/div>\n\t\t\t\t<\/div>\n\t\t<div class=\"wd-negative-gap elementor-element elementor-element-cf42f92 e-flex e-con-boxed e-con e-parent\" data-id=\"cf42f92\" data-element_type=\"container\" data-e-type=\"container\">\n\t\t\t\t\t<div class=\"e-con-inner\">\n\t\t\t\t<div class=\"elementor-element elementor-element-ca2aca2 elementor-widget elementor-widget-wd_compare\" data-id=\"ca2aca2\" data-element_type=\"widget\" data-e-type=\"widget\" data-widget_type=\"wd_compare.default\">\n\t\t\t\t<div class=\"elementor-widget-container\">\n\t\t\t\t\t\t\t<div class=\"wd-empty-block wd-empty-compare\">\n\t\t\t<h2 class=\"wd-empty-block-title\">\n\t\t\t\tSeznam pro porovn\u00e1n\u00ed je pr\u00e1zdn\u00fd.\t\t\t<\/h2>\n\t\t\t\t\t\t\t<p class=\"wd-empty-block-text\">\n\t\t\t\t\tV seznamu pro porovn\u00e1n\u00ed nebyly p\u0159id\u00e1ny \u017e\u00e1dn\u00e9 produkty. Pro porovn\u00e1n\u00ed mus\u00edte p\u0159idat dal\u0161\u00ed produkty. Na na\u0161\u00ed str\u00e1nce \"Obchod\" najdete spoustu zaj\u00edmav\u00fdch produkt\u016f.\t\t\t\t<\/p>\n\t\t\t\t\t\t<a class=\"button btn btn-accent wd-empty-block-btn\" href=\"https:\/\/www.mkreborns.com\/cs\/shop\/\">\n\t\t\t\tZp\u011bt do obchodu\t\t\t<\/a>\n\t\t<\/div>\n\t\t\t\t\t\t<\/div>\n\t\t\t\t<\/div>\n\t\t\t\t\t<\/div>\n\t\t\t\t<\/div>\n\t\t\t\t<\/div>","protected":false},"excerpt":{"rendered":"<p>Dom\u016f Porovnat Seznam pro porovn\u00e1n\u00ed je pr\u00e1zdn\u00fd. V seznamu pro porovn\u00e1n\u00ed nebyly p\u0159id\u00e1ny \u017e\u00e1dn\u00e9 produkty. Pro porovn\u00e1n\u00ed mus\u00edte p\u0159idat dal\u0161\u00ed produkty.<\/p>","protected":false},"author":1,"featured_media":0,"parent":0,"menu_order":0,"comment_status":"closed","ping_status":"closed","template":"","meta":{"footnotes":""},"class_list":["post-16","page","type-page","status-publish","hentry"],"_links":{"self":[{"href":"https:\/\/www.mkreborns.com\/cs\/wp-json\/wp\/v2\/pages\/16","targetHints":{"allow":["GET"]}}],"collection":[{"href":"https:\/\/www.mkreborns.com\/cs\/wp-json\/wp\/v2\/pages"}],"about":[{"href":"https:\/\/www.mkreborns.com\/cs\/wp-json\/wp\/v2\/types\/page"}],"author":[{"embeddable":true,"href":"https:\/\/www.mkreborns.com\/cs\/wp-json\/wp\/v2\/users\/1"}],"replies":[{"embeddable":true,"href":"https:\/\/www.mkreborns.com\/cs\/wp-json\/wp\/v2\/comments?post=16"}],"version-history":[{"count":0,"href":"https:\/\/www.mkreborns.com\/cs\/wp-json\/wp\/v2\/pages\/16\/revisions"}],"wp:attachment":[{"href":"https:\/\/www.mkreborns.com\/cs\/wp-json\/wp\/v2\/media?parent=16"}],"curies":[{"name":"wp","href":"https:\/\/api.w.org\/{rel}","templated":true}]}}